{"id":7243,"date":"2025-05-01T00:10:36","date_gmt":"2025-04-30T22:10:36","guid":{"rendered":"https:\/\/biomimicry.eu\/forets\/?page_id=7243"},"modified":"2025-05-28T15:40:35","modified_gmt":"2025-05-28T13:40:35","slug":"forets-voisins","status":"publish","type":"page","link":"https:\/\/biomimicry.eu\/forets\/forets-voisins\/","title":{"rendered":"Les For\u00eats des Voisins"},"content":{"rendered":"\n<p><strong>Le projet<\/strong><\/p>\n\n\n\n<p>En 2023-24, trois r\u00e9sidences de logements sociaux de Plaine Commune Habitat, situ\u00e9es \u00e0 Saint-Denis et Pierrefitte-sur-Seine (93), ont vu leurs espaces verts transform\u00e9s : plus de 2500 arbres, arbustes et buissons de 60 esp\u00e8ces diff\u00e9rentes, presque toutes comestibles, ont \u00e9t\u00e9 plant\u00e9s avec la collaboration \u00e9troite des habitants et des acteurs locaux.<\/p>\n\n\n\n<p>En 2025-26, le consortium de 4 partenaires (Fondation Yves Rocher, bailleur social Plaine Commune Habitat, associations For\u00eats Communes et Fun \u00catre sur l\u2019\u00cele ) relance un projet ambitieux sur 2 sites de Seine-St-Denis, et ajoute le d\u00e9fi de la d\u00e9sartificialisation pour reverdir l\u00e0 o\u00f9 le bitume et le b\u00e9ton dominaient jusque l\u00e0.<\/p>\n\n\n\n<figure class=\"wp-block-embed is-type-video is-provider-youtube wp-block-embed-youtube wp-embed-aspect-16-9 wp-has-aspect-ratio\"><div class=\"wp-block-embed__wrapper\">\n<div class=\"ast-oembed-container \" style=\"height: 100%;\"><iframe loading=\"lazy\" title=\"Fondation Yves Rocher Aftermovie Plantation Cit\u00e9 des Cosmonautes - Saint Denis - 13 nov. 2024\" width=\"500\" height=\"281\" src=\"https:\/\/www.youtube.com\/embed\/-Ui7J6Mq_R8?start=1&#038;feature=oembed\" frameborder=\"0\" allow=\"accelerometer; autoplay; clipboard-write; encrypted-media; gyroscope; picture-in-picture; web-share\" referrerpolicy=\"strict-origin-when-cross-origin\" allowfullscreen><\/iframe><\/div>\n<\/div><\/figure>\n\n\n\n<p><strong>Le parti pris&nbsp;:<\/strong><\/p>\n\n\n\n<ul><li>recr\u00e9er des espaces de nature densifi\u00e9s et diversifi\u00e9s au pied des immeubles de logement social<\/li><li>travailler en \u00e9troite collaboration avec les habitants pour qu&#8217;ils s&#8217;approprient le projet<\/li><\/ul>\n\n\n\n<div class=\"wp-block-uagb-container uagb-block-5edb350c alignfull uagb-is-root-container\"><div class=\"uagb-container-inner-blocks-wrap\">\n<div class=\"wp-block-uagb-container uagb-block-4431d649\">\n<figure class=\"wp-block-image size-full\"><img loading=\"lazy\" width=\"640\" height=\"480\" src=\"https:\/\/biomimicry.eu\/forets\/wp-content\/uploads\/2025\/05\/IMG_4416.jpg\" alt=\"\" class=\"wp-image-7377\" srcset=\"https:\/\/biomimicry.eu\/forets\/wp-content\/uploads\/2025\/05\/IMG_4416.jpg 640w, https:\/\/biomimicry.eu\/forets\/wp-content\/uploads\/2025\/05\/IMG_4416-300x225.jpg 300w\" sizes=\"(max-width: 640px) 100vw, 640px\" \/><\/figure>\n<\/div>\n\n\n\n<div class=\"wp-block-uagb-container uagb-block-c6dd71ef\">\n<figure class=\"wp-block-image size-full\"><img loading=\"lazy\" width=\"5846\" height=\"4134\" src=\"https:\/\/biomimicry.eu\/forets\/wp-content\/uploads\/2025\/04\/Croquis_Cueillette_Haie.png\" alt=\"\" class=\"wp-image-7258\" srcset=\"https:\/\/biomimicry.eu\/forets\/wp-content\/uploads\/2025\/04\/Croquis_Cueillette_Haie.png 5846w, https:\/\/biomimicry.eu\/forets\/wp-content\/uploads\/2025\/04\/Croquis_Cueillette_Haie-300x212.png 300w, https:\/\/biomimicry.eu\/forets\/wp-content\/uploads\/2025\/04\/Croquis_Cueillette_Haie-1024x724.png 1024w, https:\/\/biomimicry.eu\/forets\/wp-content\/uploads\/2025\/04\/Croquis_Cueillette_Haie-768x543.png 768w, https:\/\/biomimicry.eu\/forets\/wp-content\/uploads\/2025\/04\/Croquis_Cueillette_Haie-1536x1086.png 1536w, https:\/\/biomimicry.eu\/forets\/wp-content\/uploads\/2025\/04\/Croquis_Cueillette_Haie-2048x1448.png 2048w\" sizes=\"(max-width: 5846px) 100vw, 5846px\" \/><\/figure>\n<\/div>\n\n\n\n<div class=\"wp-block-uagb-container uagb-block-a68836b7\">\n<figure class=\"wp-block-image size-medium is-style-default\"><img loading=\"lazy\" width=\"300\" height=\"300\" src=\"https:\/\/biomimicry.eu\/forets\/wp-content\/uploads\/2025\/05\/IMG-20240907-WA0014-300x300.jpg\" alt=\"\" class=\"wp-image-7388\" srcset=\"https:\/\/biomimicry.eu\/forets\/wp-content\/uploads\/2025\/05\/IMG-20240907-WA0014-300x300.jpg 300w, https:\/\/biomimicry.eu\/forets\/wp-content\/uploads\/2025\/05\/IMG-20240907-WA0014-1024x1024.jpg 1024w, https:\/\/biomimicry.eu\/forets\/wp-content\/uploads\/2025\/05\/IMG-20240907-WA0014-150x150.jpg 150w, https:\/\/biomimicry.eu\/forets\/wp-content\/uploads\/2025\/05\/IMG-20240907-WA0014-768x768.jpg 768w, https:\/\/biomimicry.eu\/forets\/wp-content\/uploads\/2025\/05\/IMG-20240907-WA0014-1536x1536.jpg 1536w, https:\/\/biomimicry.eu\/forets\/wp-content\/uploads\/2025\/05\/IMG-20240907-WA0014.jpg 2048w\" sizes=\"(max-width: 300px) 100vw, 300px\" \/><\/figure>\n<\/div>\n<\/div><\/div>\n\n\n\n<p><em>Passer de la vaste pelouse avec quelques arbres et haies clairsem\u00e9es \u00e0 des haies denses ou petites for\u00eats-jardins fruiti\u00e8res, diversifi\u00e9es, en pr\u00e9servant des espaces de pelouse pour maintenir les usages r\u00e9cr\u00e9atifs.<\/em><\/p>\n\n\n\n<p><strong>Les objectifs&nbsp;:<\/strong><\/p>\n\n\n\n<p><em>Des b\u00e9n\u00e9fices <\/em><em><strong>environnementaux<\/strong><\/em><em>&nbsp;:&nbsp;<\/em><\/p>\n\n\n\n<ul><li>Lutter contre les \u00eelots de chaleur gr\u00e2ce \u00e0 la pr\u00e9sence renforc\u00e9e des plantes<\/li><li>Diversifier fortement les esp\u00e8ces v\u00e9g\u00e9tales pr\u00e9sentes<\/li><li>Favoriser l\u2019accueil de la biodiversit\u00e9 pour lutter contre le monopole des esp\u00e8ces dites invasives (rats, pigeons)<\/li><\/ul>\n\n\n\n<p><em>Des impacts <\/em><em><strong>sociaux<\/strong><\/em><em> :&nbsp;<\/em><\/p>\n\n\n\n<ul><li>Proposer un espace de vie accueillant, vivant, inclusif<\/li><li>Qualifier l\u2019image des logements sociaux par des espaces ext\u00e9rieurs g\u00e9n\u00e9reux<\/li><li>Offrir un cadre propice aux usages apais\u00e9s et aider \u00e0 recr\u00e9er une vie locale conviviale<\/li><\/ul>\n\n\n\n<p><em>Des enjeux <\/em><em><strong>\u00e9conomiques<\/strong><\/em><em>&nbsp;:&nbsp;<\/em><\/p>\n\n\n\n<ul><li>Rechercher l\u2019impact z\u00e9ro sur les charges des locataires<\/li><li>Rendre le parc immobilier plus attractif<\/li><\/ul>\n\n\n\n<p><strong>Place \u00e0 la diversit\u00e9<\/strong><\/p>\n\n\n\n<p>Inspir\u00e9e de <strong>l\u2019agroforesterie et de la permaculture, <\/strong>la m\u00e9thodeconsiste \u00e0 planter une grande diversit\u00e9 d\u2019esp\u00e8ces aux fonctionnalit\u00e9s v\u00e9g\u00e9tales vari\u00e9es&nbsp;: petits buissons, arbustes, petits et grands arbres\u2026<\/p>\n\n\n\n<p>Cette diversit\u00e9 permet d\u2019accueillir une plus grande biodiversit\u00e9 (oiseaux, insectes, petits mammif\u00e8res, autres plantes) et ainsi restaurer les \u00e9cosyst\u00e8mes monopolis\u00e9s par des esp\u00e8ces dites invasives (rats, pigeons\u2026).<\/p>\n\n\n\n<p>Plus de 60 esp\u00e8ces locales en agriculture biologique ont \u00e9t\u00e9 plant\u00e9es, dont plus de 90% sont comestibles&nbsp;: abricotier, cerisier, ch\u00e2taigner, figuier, p\u00eacher, poirier, pommier, noisetier, grenadier, mais aussi framboisiers, cassissier, groseiller, ch\u00e8vrefeuille comestible\u2026 Qu\u2019il est bon de pouvoir manger des fruits r\u00e9colt\u00e9s en bas de chez soi, qu\u2019on a soi-m\u00eame plant\u00e9s !<\/p>\n\n\n\n<p><strong>Retour au naturel<\/strong><\/p>\n\n\n\n<p>Les esp\u00e8ces ont \u00e9t\u00e9 choisies pour leur aspect rustique et le design a \u00e9t\u00e9 con\u00e7u pour \u00eatre le plus proche possible de l\u2019\u00e9tat naturel. Ainsi, les plantations ne n\u00e9cessitent que peu de soins dans la dur\u00e9e (taille et arrosages fortement r\u00e9duits), essentiel pour ma\u00eetriser les charges des locataires.<\/p>\n\n\n\n<figure class=\"wp-block-image size-large\"><img loading=\"lazy\" width=\"1024\" height=\"723\" src=\"https:\/\/biomimicry.eu\/forets\/wp-content\/uploads\/2025\/04\/CP-exemple-1-1024x723.png\" alt=\"\" class=\"wp-image-7249\" srcset=\"https:\/\/biomimicry.eu\/forets\/wp-content\/uploads\/2025\/04\/CP-exemple-1-1024x723.png 1024w, https:\/\/biomimicry.eu\/forets\/wp-content\/uploads\/2025\/04\/CP-exemple-1-300x212.png 300w, https:\/\/biomimicry.eu\/forets\/wp-content\/uploads\/2025\/04\/CP-exemple-1-768x542.png 768w, https:\/\/biomimicry.eu\/forets\/wp-content\/uploads\/2025\/04\/CP-exemple-1-1536x1085.png 1536w, https:\/\/biomimicry.eu\/forets\/wp-content\/uploads\/2025\/04\/CP-exemple-1-2048x1446.png 2048w\" sizes=\"(max-width: 1024px) 100vw, 1024px\" \/><\/figure>\n\n\n\n<p><strong>Des habitants impliqu\u00e9s \u00e0 chaque \u00e9tape<\/strong><\/p>\n\n\n\n<p>Facteur de r\u00e9ussite capital pour l\u2019appropriation de la d\u00e9marche, la mobilisation des habitants et des acteurs locaux est au c\u0153ur du dispositif. Avec le relais d\u2019associations locales, les habitants ont \u00e9t\u00e9 associ\u00e9s en amont pour assurer un design compatible avec les usages, au cours du chantier participatif de plantation, pendant la p\u00e9riode d\u2019entretien (sessions collectives de d\u00e9sherbage, arrosage, cr\u00e9ation de bacs et de mobilier de jardin).<\/p>\n\n\n\n<p>Les centres sociaux, les \u00e9coles et les associations locales ont \u00e9t\u00e9 des partenaires privil\u00e9gi\u00e9s naturels. A noter que les enfants sont les b\u00e9n\u00e9ficiaires et ambassadeurs les plus actifs et enthousiastes et apportent leur immense capital sympathie !<\/p>\n\n\n\n<p>L\u2019implication des habitants assure le respect des plantations dans le temps, mais va aussi au-del\u00e0 : de petits groupes d\u2019adultes et d\u2019enfants se constituent pour assurer une part de l\u2019entretien, parfois aid\u00e9 par le bailleur, parfois spontan\u00e9ment. Voil\u00e0 un terrain concret pour recr\u00e9er des liens de voisinage conviviaux !<\/p>\n\n\n\n<div class=\"wp-block-uagb-container uagb-block-164adf2d alignfull uagb-is-root-container\"><div class=\"uagb-container-inner-blocks-wrap\">\n<div class=\"wp-block-uagb-container uagb-block-e3773428\">\n<div class=\"wp-block-uagb-image uagb-block-08ce6ab0 wp-block-uagb-image--layout-default wp-block-uagb-image--effect-static wp-block-uagb-image--align-none\"><figure class=\"wp-block-uagb-image__figure\"><img srcset=\"https:\/\/biomimicry.eu\/forets\/wp-content\/uploads\/2025\/04\/Cosmo1.png \" src=\"https:\/\/biomimicry.eu\/forets\/wp-content\/uploads\/2025\/04\/Cosmo1.png\" alt=\"\" class=\"uag-image-7245\" width=\"\" height=\"\" title=\"\" loading=\"lazy\"\/><\/figure><\/div>\n<\/div>\n\n\n\n<div class=\"wp-block-uagb-container uagb-block-9622c529\">\n<div class=\"wp-block-uagb-image uagb-block-5ca176e5 wp-block-uagb-image--layout-default wp-block-uagb-image--effect-static wp-block-uagb-image--align-none\"><figure class=\"wp-block-uagb-image__figure\"><img srcset=\"https:\/\/biomimicry.eu\/forets\/wp-content\/uploads\/2025\/04\/cosmo2.png \" src=\"https:\/\/biomimicry.eu\/forets\/wp-content\/uploads\/2025\/04\/cosmo2.png\" alt=\"\" class=\"uag-image-7246\" width=\"\" height=\"\" title=\"\" loading=\"lazy\"\/><\/figure><\/div>\n<\/div>\n\n\n\n<div class=\"wp-block-uagb-container uagb-block-2f271c43\">\n<div class=\"wp-block-uagb-image uagb-block-0101b026 wp-block-uagb-image--layout-default wp-block-uagb-image--effect-static wp-block-uagb-image--align-none\"><figure class=\"wp-block-uagb-image__figure\"><img srcset=\"https:\/\/biomimicry.eu\/forets\/wp-content\/uploads\/2025\/05\/IMG_4416.jpg \" src=\"https:\/\/biomimicry.eu\/forets\/wp-content\/uploads\/2025\/05\/IMG_4416.jpg\" alt=\"\" class=\"uag-image-7377\" width=\"\" height=\"\" title=\"\" loading=\"lazy\"\/><\/figure><\/div>\n<\/div>\n<\/div><\/div>\n\n\n\n<p><strong>Un dispositif de financement particuli\u00e8rement avantageux<\/strong><\/p>\n\n\n\n<p>Un montage innovant a permis de mobiliser des fonds priv\u00e9s des fondations Yves Rocher et Maisons du Monde Foundation pour un total de 135 000\u20ac sur 2 ans. Le bailleur a \u00e9galement utilis\u00e9 le dispositif de d\u00e9gr\u00e8vement de la TFPB pour les sites en ZUS afin de d\u00e9duire de la TFPB les co\u00fbts li\u00e9s au chantier et \u00e0 l\u2019animation.<\/p>\n\n\n\n<p><strong>Un projet totalement pris en charge dans sa coordination<\/strong><\/p>\n\n\n\n<p>L\u2019\u00e9quipe For\u00eat des Voisins, anim\u00e9e par For\u00eats Communes, a assur\u00e9 le pilotage du projet en lien \u00e9troit avec les \u00e9quipes du bailleur : conventionnement avec les financeurs et le bailleur, montage du budget, comit\u00e9s de pilotage, \u00e9tudes botanique et de pollutions des sols, design des plantations, plan de concertation, pr\u00e9paration des commandes, gestion du chantier, suivi post-chantier, bilan.<\/p>\n\n\n\n<p><strong>Un premier retour d\u2019exp\u00e9rience sur 3 sites et 20 mois de projet<\/strong><\/p>\n\n\n\n<ul><li><strong>Un calendrier type<\/strong> est maintenant \u00e9tabli, sur 15 \u00e0 20 mois de projet : <\/li><\/ul>\n\n\n\n<div class=\"wp-block-media-text is-stacked-on-mobile is-vertically-aligned-center\" style=\"grid-template-columns:56% auto\"><figure class=\"wp-block-media-text__media\"><img loading=\"lazy\" width=\"1024\" height=\"201\" src=\"https:\/\/biomimicry.eu\/forets\/wp-content\/uploads\/2025\/05\/Tab-Cal-Projet-FoVoi-Type-1024x201.jpg\" alt=\"\" class=\"wp-image-7307 size-full\" srcset=\"https:\/\/biomimicry.eu\/forets\/wp-content\/uploads\/2025\/05\/Tab-Cal-Projet-FoVoi-Type-1024x201.jpg 1024w, https:\/\/biomimicry.eu\/forets\/wp-content\/uploads\/2025\/05\/Tab-Cal-Projet-FoVoi-Type-300x59.jpg 300w, https:\/\/biomimicry.eu\/forets\/wp-content\/uploads\/2025\/05\/Tab-Cal-Projet-FoVoi-Type-768x151.jpg 768w, https:\/\/biomimicry.eu\/forets\/wp-content\/uploads\/2025\/05\/Tab-Cal-Projet-FoVoi-Type.jpg 1041w\" sizes=\"(max-width: 1024px) 100vw, 1024px\" \/><\/figure><div class=\"wp-block-media-text__content\">\n<p class=\"has-large-font-size\"><\/p>\n<\/div><\/div>\n\n\n\n<p> <\/p>\n\n\n\n<ul><li><strong>Les conditions de la r\u00e9ussite<\/strong> identifi\u00e9es incluent&nbsp;:<ul><li>la ma\u00eetrise des co\u00fbts des plants, des chantiers, de l\u2019irrigation et de l\u2019entretien<\/li><li>la mobilisation des habitants et du r\u00e9seau local en passant par des associations implant\u00e9es localement pour le volet social, et par les \u00e9coles et centres de loisir, club de foot, etc.<\/li><li>l\u2019inclusion de toutes les parties prenantes pour assurer un soutien du projet<\/li><li>dans le temps direction du bailleur social, equipes de proximit\u00e9, prestataires d\u2019espaces verts, amicales de locataires, tissu social et associatif local, etc.<\/li><li>des r\u00e9ponses concr\u00e8tes aux demandes des habitants , par exemple sur du mobilier ext\u00e9rieur, des bacs potagers, l\u2019enl\u00e8vement de structures qui posent probl\u00e8me, le maintien de pelouses pour les loisirs, de zones de sport pour les enfants, etc.<\/li><\/ul><\/li><\/ul>\n\n\n\n<section class=\"wp-block-uagb-section uagb-section__wrap uagb-section__background-color uagb-block-ea435837\"><div class=\"uagb-section__overlay\"><\/div><div class=\"uagb-section__inner-wrap\">\n<div class=\"wp-block-uagb-info-box uagb-block-6961c2f5 uagb-infobox__content-wrap  uagb-infobox-icon-left uagb-infobox-left uagb-infobox-stacked-tablet uagb-infobox-image-valign-top uagb-infobox__outer-wrap\"><div class=\"uagb-ifb-icon-wrap\"><svg xmlns=\"https:\/\/www.w3.org\/2000\/svg\" viewbox=\"0 0 512 512\"><path d=\"M224 320c0 17.69 14.33 32 32 32h64c17.67 0 32-14.31 32-32s-14.33-32-32-32h-64C238.3 288 224 302.3 224 320zM267.6 256H352c17.67 0 32-14.31 32-32s-14.33-32-32-32h-80v40C272 240.5 270.3 248.5 267.6 256zM272 160H480c17.67 0 32-14.31 32-32s-14.33-32-32-32h-208.8C271.5 98.66 272 101.3 272 104V160zM320 416c0-17.69-14.33-32-32-32H224c-17.67 0-32 14.31-32 32s14.33 32 32 32h64C305.7 448 320 433.7 320 416zM202.1 355.8C196 345.6 192 333.3 192 320c0-5.766 1.08-11.24 2.51-16.55C157.4 300.6 128 269.9 128 232V159.1C128 151.2 135.2 144 143.1 144S160 151.2 159.1 159.1l0 69.72C159.1 245.2 171.3 271.1 200 271.1C222.1 271.1 240 254.1 240 232v-128C240 81.91 222.1 64 200 64H136.6C103.5 64 72.03 80 52.47 106.8L26.02 143.2C9.107 166.5 0 194.5 0 223.3V312C0 387.1 60.89 448 136 448h32.88C163.4 438.6 160 427.7 160 416C160 388.1 178 364.6 202.1 355.8z\"><\/path><\/svg><\/div><div class=\"uagb-ifb-content\"><div class=\"uagb-ifb-title-wrap\"><\/div><p class=\"uagb-ifb-desc\">Vous connaissez un quartier, une ville ou un terrain pour accueillir ces projets ?  <br>Vous aimeriez en savoir plus, nous soutenir, vous investir dans cette vision ? <br>Rencontrons-nous ! <\/p><div class=\"uagb-ifb-button-wrapper wp-block-button\"><a href=\"https:\/\/biomimicry.eu\/forets\/contact\/\" class=\"uagb-infobox-cta-link wp-block-button__link\" target=\"_self\" rel=\"noopener noreferrer\" alt=\"\"><span class=\"uagb-inline-editing\">Nous contacter<\/span><svg xmlns=\"https:\/\/www.w3.org\/2000\/svg\" viewbox=\"0 0 512 512\"><path d=\"M504.3 273.6l-112.1 104c-6.992 6.484-17.18 8.218-25.94 4.406c-8.758-3.812-14.42-12.45-14.42-21.1L351.9 288H32C14.33 288 .0002 273.7 .0002 255.1S14.33 224 32 224h319.9l0-72c0-9.547 5.66-18.19 14.42-22c8.754-3.809 18.95-2.075 25.94 4.41l112.1 104C514.6 247.9 514.6 264.1 504.3 273.6z\"><\/path><\/svg><\/a><\/div><\/div><\/div>\n\n\n\n<p><\/p>\n<\/div><\/section>\n\n\n\n<p><\/p>\n","protected":false},"excerpt":{"rendered":"<p>Le projet En 2023-24, trois r\u00e9sidences de logements sociaux de Plaine Commune Habitat, situ\u00e9es \u00e0 Saint-Denis et Pierrefitte-sur-Seine (93), ont vu leurs espaces verts transform\u00e9s : plus de 2500 arbres, arbustes et buissons de 60 esp\u00e8ces diff\u00e9rentes, presque toutes comestibles, ont \u00e9t\u00e9 plant\u00e9s avec la collaboration \u00e9troite des habitants et des acteurs locaux. En 2025-26, [&hellip;]<\/p>\n","protected":false},"author":1,"featured_media":0,"parent":0,"menu_order":0,"comment_status":"closed","ping_status":"closed","template":"","meta":{"_uag_custom_page_level_css":"","site-sidebar-layout":"default","site-content-layout":"default","ast-site-content-layout":"default","site-content-style":"default","site-sidebar-style":"default","ast-global-header-display":"","ast-banner-title-visibility":"","ast-main-header-display":"","ast-hfb-above-header-display":"","ast-hfb-below-header-display":"","ast-hfb-mobile-header-display":"","site-post-title":"","ast-breadcrumbs-content":"","ast-featured-img":"","footer-sml-layout":"","theme-transparent-header-meta":"default","adv-header-id-meta":"","stick-header-meta":"","header-above-stick-meta":"","header-main-stick-meta":"","header-below-stick-meta":"","astra-migrate-meta-layouts":"set","ast-page-background-enabled":"default","ast-page-background-meta":{"desktop":{"background-color":"var(--ast-global-color-4)","background-image":"","background-repeat":"repeat","background-position":"center center","background-size":"auto","background-attachment":"scroll","background-type":"","background-media":"","overlay-type":"","overlay-color":"","overlay-opacity":"","overlay-gradient":""},"tablet":{"background-color":"","background-image":"","background-repeat":"repeat","background-position":"center center","background-size":"auto","background-attachment":"scroll","background-type":"","background-media":"","overlay-type":"","overlay-color":"","overlay-opacity":"","overlay-gradient":""},"mobile":{"background-color":"","background-image":"","background-repeat":"repeat","background-position":"center center","background-size":"auto","background-attachment":"scroll","background-type":"","background-media":"","overlay-type":"","overlay-color":"","overlay-opacity":"","overlay-gradient":""}},"ast-content-background-meta":{"desktop":{"background-color":"var(--ast-global-color-5)","background-image":"","background-repeat":"repeat","background-position":"center center","background-size":"auto","background-attachment":"scroll","background-type":"","background-media":"","overlay-type":"","overlay-color":"","overlay-opacity":"","overlay-gradient":""},"tablet":{"background-color":"var(--ast-global-color-5)","background-image":"","background-repeat":"repeat","background-position":"center center","background-size":"auto","background-attachment":"scroll","background-type":"","background-media":"","overlay-type":"","overlay-color":"","overlay-opacity":"","overlay-gradient":""},"mobile":{"background-color":"var(--ast-global-color-5)","background-image":"","background-repeat":"repeat","background-position":"center center","background-size":"auto","background-attachment":"scroll","background-type":"","background-media":"","overlay-type":"","overlay-color":"","overlay-opacity":"","overlay-gradient":""}}},"uagb_featured_image_src":{"full":false,"thumbnail":false,"medium":false,"medium_large":false,"large":false,"1536x1536":false,"2048x2048":false},"uagb_author_info":{"display_name":"GestionEtAdminFORETS","author_link":"https:\/\/biomimicry.eu\/forets\/author\/gestionetadminforets\/"},"uagb_comment_info":0,"uagb_excerpt":"Le projet En 2023-24, trois r\u00e9sidences de logements sociaux de Plaine Commune Habitat, situ\u00e9es \u00e0 Saint-Denis et Pierrefitte-sur-Seine (93), ont vu leurs espaces verts transform\u00e9s : plus de 2500 arbres, arbustes et buissons de 60 esp\u00e8ces diff\u00e9rentes, presque toutes comestibles, ont \u00e9t\u00e9 plant\u00e9s avec la collaboration \u00e9troite des habitants et des acteurs locaux. En 2025-26,&hellip;","_links":{"self":[{"href":"https:\/\/biomimicry.eu\/forets\/wp-json\/wp\/v2\/pages\/7243"}],"collection":[{"href":"https:\/\/biomimicry.eu\/forets\/wp-json\/wp\/v2\/pages"}],"about":[{"href":"https:\/\/biomimicry.eu\/forets\/wp-json\/wp\/v2\/types\/page"}],"author":[{"embeddable":true,"href":"https:\/\/biomimicry.eu\/forets\/wp-json\/wp\/v2\/users\/1"}],"replies":[{"embeddable":true,"href":"https:\/\/biomimicry.eu\/forets\/wp-json\/wp\/v2\/comments?post=7243"}],"version-history":[{"count":24,"href":"https:\/\/biomimicry.eu\/forets\/wp-json\/wp\/v2\/pages\/7243\/revisions"}],"predecessor-version":[{"id":7474,"href":"https:\/\/biomimicry.eu\/forets\/wp-json\/wp\/v2\/pages\/7243\/revisions\/7474"}],"wp:attachment":[{"href":"https:\/\/biomimicry.eu\/forets\/wp-json\/wp\/v2\/media?parent=7243"}],"curies":[{"name":"wp","href":"https:\/\/api.w.org\/{rel}","templated":true}]}}