{"id":7194,"date":"2023-03-01T17:24:35","date_gmt":"2023-03-01T16:24:35","guid":{"rendered":"https:\/\/biomimicry.eu\/forets\/?page_id=7194"},"modified":"2023-03-01T17:49:42","modified_gmt":"2023-03-01T16:49:42","slug":"art-education-and-ecological-commitment","status":"publish","type":"page","link":"https:\/\/biomimicry.eu\/forets\/en\/art-education-and-ecological-commitment\/","title":{"rendered":"Art, education and ecological commitment"},"content":{"rendered":"\n<section class=\"wp-block-uagb-section uagb-section__wrap uagb-section__background-image uagb-block-ee6fc923\"><div class=\"uagb-section__overlay\"><\/div><div class=\"uagb-section__inner-wrap\">\n<p>..<br><br><br>.<\/p>\n<\/div><\/section>\n\n\n\n<section class=\"wp-block-uagb-section uagb-section__wrap uagb-section__background-undefined uagb-block-f08aea22\"><div class=\"uagb-section__overlay\"><\/div><div class=\"uagb-section__inner-wrap\">\n<h2 class=\"has-text-align-left\">Programme<\/h2>\n\n\n\n<p class=\"has-medium-font-size\">Notre programme d&#8217;<strong>art, \u00e9ducation &amp; engagement \u00e9cologique<\/strong> comprend quatre activit\u00e9s principales qui visent \u00e0 sensibiliser \u00e0 l&#8217;\u00e9cologie par l&#8217;art, \u00e0 transmettre un sentiment d&#8217;\u00e9merveillement et \u00e0 \u00e9tablir un lien entre l&#8217;art et la science.<\/p>\n\n\n\n<div style=\"height:30px\" aria-hidden=\"true\" class=\"wp-block-spacer\"><\/div>\n\n\n\n<h1><strong>#1<\/strong><\/h1>\n\n\n\n<h3><strong>Des Arts et Des Arbres &#8211; kit p\u00e9dagogique autour des arbres<\/strong><\/h3>\n\n\n\n<section class=\"wp-block-uagb-columns uagb-columns__wrap uagb-columns__background-none uagb-columns__stack-mobile uagb-columns__valign- uagb-columns__gap-20 align uagb-block-8e82c8ef uagb-columns__columns-2 uagb-columns__max_width-theme\"><div class=\"uagb-columns__overlay\"><\/div><div class=\"uagb-columns__inner-wrap uagb-columns__columns-2\">\n<div class=\"wp-block-uagb-column uagb-column__wrap uagb-column__background-undefined uagb-block-062597f3\"><div class=\"uagb-column__overlay\"><\/div>\n<figure class=\"wp-block-image size-large is-resized\"><img src=\"https:\/\/biomimicry.eu\/forets\/wp-content\/uploads\/2023\/03\/Sketch-trunks-1024x828.jpg\" alt=\"\" class=\"wp-image-7141\" width=\"400\" srcset=\"https:\/\/biomimicry.eu\/forets\/wp-content\/uploads\/2023\/03\/Sketch-trunks-1024x828.jpg 1024w, https:\/\/biomimicry.eu\/forets\/wp-content\/uploads\/2023\/03\/Sketch-trunks-300x243.jpg 300w, https:\/\/biomimicry.eu\/forets\/wp-content\/uploads\/2023\/03\/Sketch-trunks-768x621.jpg 768w, https:\/\/biomimicry.eu\/forets\/wp-content\/uploads\/2023\/03\/Sketch-trunks-1536x1242.jpg 1536w, https:\/\/biomimicry.eu\/forets\/wp-content\/uploads\/2023\/03\/Sketch-trunks-2048x1657.jpg 2048w\" sizes=\"(max-width: 1024px) 100vw, 1024px\" \/><\/figure>\n<\/div>\n\n\n\n<div class=\"wp-block-uagb-column uagb-column__wrap uagb-column__background-undefined uagb-block-4816fb99\"><div class=\"uagb-column__overlay\"><\/div>\n<p>En collaboration avec six \u00e9tudiants en master \u00e0 <a href=\"https:\/\/www.sciencespo.fr\/fr\/\">Science Po<\/a> et en partenariat avec l&#8217;association <a href=\"https:\/\/lespetitscitoyens.com\">Petits Citoyens<\/a> et le <a href=\"http:\/\/greenline.foundation\">Greenline Foundation<\/a>, nous d\u00e9veloppons un kit \u00e9ducatif qui permettra d&#8217;enseigner sur les arbres (et par extension sur la nature au sens large) en utilisant l&#8217;art et une approche alternative, multidisciplinaire, multi-sensorielle et holistique.&nbsp; <\/p>\n\n\n\n<p>Ce kit constituera une passerelle pour mettre en relation les scientifiques, les artistes et les enseignants et la pluralit\u00e9 des th\u00e9matiques et activit\u00e9s propos\u00e9es dans le kit permettent aux enfants d\u2019appr\u00e9hender les multiples dimensions de la transition \u00e9cologique ainsi que de cr\u00e9er un lien profond et pr\u00e9cieux avec leur environnement.<\/p>\n<\/div>\n<\/div><\/section>\n\n\n\n<div style=\"height:30px\" aria-hidden=\"true\" class=\"wp-block-spacer\"><\/div>\n\n\n\n<h1>#<strong>2<\/strong><\/h1>\n\n\n\n<h3><strong><strong>programme d\u2019\u00e9change Art &amp; Science<\/strong><\/strong><\/h3>\n\n\n\n<section class=\"wp-block-uagb-columns uagb-columns__wrap uagb-columns__background-none uagb-columns__stack-mobile uagb-columns__valign- uagb-columns__gap-20 align uagb-block-80673d80 uagb-columns__columns-2 uagb-columns__max_width-theme\"><div class=\"uagb-columns__overlay\"><\/div><div class=\"uagb-columns__inner-wrap uagb-columns__columns-2\">\n<div class=\"wp-block-uagb-column uagb-column__wrap uagb-column__background-undefined uagb-block-28d02e50\"><div class=\"uagb-column__overlay\"><\/div>\n<figure class=\"wp-block-image size-large is-resized\"><img src=\"https:\/\/biomimicry.eu\/forets\/wp-content\/uploads\/2023\/03\/Light-thru-trees-1024x1024.jpg\" alt=\"\" class=\"wp-image-7142\" width=\"400\" srcset=\"https:\/\/biomimicry.eu\/forets\/wp-content\/uploads\/2023\/03\/Light-thru-trees-1024x1024.jpg 1024w, https:\/\/biomimicry.eu\/forets\/wp-content\/uploads\/2023\/03\/Light-thru-trees-300x300.jpg 300w, https:\/\/biomimicry.eu\/forets\/wp-content\/uploads\/2023\/03\/Light-thru-trees-150x150.jpg 150w, https:\/\/biomimicry.eu\/forets\/wp-content\/uploads\/2023\/03\/Light-thru-trees-768x768.jpg 768w, https:\/\/biomimicry.eu\/forets\/wp-content\/uploads\/2023\/03\/Light-thru-trees-1536x1536.jpg 1536w, https:\/\/biomimicry.eu\/forets\/wp-content\/uploads\/2023\/03\/Light-thru-trees-2048x2048.jpg 2048w\" sizes=\"(max-width: 1024px) 100vw, 1024px\" \/><\/figure>\n<\/div>\n\n\n\n<div class=\"wp-block-uagb-column uagb-column__wrap uagb-column__background-undefined uagb-block-1341f866\"><div class=\"uagb-column__overlay\"><\/div>\n<p>Cette \u00e9change r\u00e9unira des artistes et des scientifiques pour \u00e9changer et collaborer sur une th\u00e8me li\u00e9 aux arbres.&nbsp; Cela permettra aux artistes engag\u00e9s de d\u00e9velopper une compr\u00e9hension plus profonde du monde des arbres (et donc de l&#8217;exprimer de mani\u00e8re plus significative) et de catalyser la pollinisation crois\u00e9e entre diff\u00e9rents &#8220;mondes&#8221; : la combinaison de la magie de la science, des arbres et de l&#8217;imagination cr\u00e9ative.&nbsp; <\/p>\n\n\n\n<p>De cette fa\u00e7on, l&#8217;interpr\u00e9tation et l&#8217;expression de la science sous forme artistique peuvent contribuer \u00e0 encourager de nouvelles perspectives et de nouvelles fa\u00e7ons de toucher et d&#8217;inspirer un public plus large.<\/p>\n<\/div>\n<\/div><\/section>\n\n\n\n<div style=\"height:30px\" aria-hidden=\"true\" class=\"wp-block-spacer\"><\/div>\n\n\n\n<h1><strong>#3<\/strong><\/h1>\n\n\n\n<h3><strong><strong>Des expositions \u00e9ducatives, immersives et multisensorielles<\/strong><\/strong><\/h3>\n\n\n\n<section class=\"wp-block-uagb-columns uagb-columns__wrap uagb-columns__background-none uagb-columns__stack-mobile uagb-columns__valign- uagb-columns__gap-20 align uagb-block-0a7f1dc9 uagb-columns__columns-2 uagb-columns__max_width-theme\"><div class=\"uagb-columns__overlay\"><\/div><div class=\"uagb-columns__inner-wrap uagb-columns__columns-2\">\n<div class=\"wp-block-uagb-column uagb-column__wrap uagb-column__background-undefined uagb-block-f0c76d45\"><div class=\"uagb-column__overlay\"><\/div>\n<figure class=\"wp-block-image size-large is-resized\"><img src=\"https:\/\/biomimicry.eu\/forets\/wp-content\/uploads\/2023\/03\/ArlynnasTree-768x1024.jpg\" alt=\"\" class=\"wp-image-7147\" width=\"400\" srcset=\"https:\/\/biomimicry.eu\/forets\/wp-content\/uploads\/2023\/03\/ArlynnasTree-768x1024.jpg 768w, https:\/\/biomimicry.eu\/forets\/wp-content\/uploads\/2023\/03\/ArlynnasTree-225x300.jpg 225w, https:\/\/biomimicry.eu\/forets\/wp-content\/uploads\/2023\/03\/ArlynnasTree-1152x1536.jpg 1152w, https:\/\/biomimicry.eu\/forets\/wp-content\/uploads\/2023\/03\/ArlynnasTree-1536x2048.jpg 1536w, https:\/\/biomimicry.eu\/forets\/wp-content\/uploads\/2023\/03\/ArlynnasTree-scaled.jpg 1920w\" sizes=\"(max-width: 768px) 100vw, 768px\" \/><\/figure>\n<\/div>\n\n\n\n<div class=\"wp-block-uagb-column uagb-column__wrap uagb-column__background-undefined uagb-block-92fc61b4\"><div class=\"uagb-column__overlay\"><\/div>\n<p>Ces expos seront une source d&#8217;inspiration et d&#8217;enseignement sur le monde magique des arbres.&nbsp; Elles pr\u00e9senteront l&#8217;art r\u00e9alis\u00e9 par les enfants qui ont utilis\u00e9e le kit p\u00e9dagogique, ainsi que les \u0153uvres cr\u00e9\u00e9es dans le cadre de l&#8217;\u00e9change entre artistes et scientifiques.&nbsp; <\/p>\n\n\n\n<p>Des colloques seront organis\u00e9s en parall\u00e8le pour permettre une discussion et un apprentissage plus approfondis autour de sujets importants concernant les arbres et les for\u00eats.<\/p>\n<\/div>\n<\/div><\/section>\n\n\n\n<div style=\"height:30px\" aria-hidden=\"true\" class=\"wp-block-spacer\"><\/div>\n\n\n\n<h1>#<strong>4<\/strong><\/h1>\n\n\n\n<h3><strong><strong><strong>Une plateforme de social media \u00ab&nbsp;La Galerie Verte&nbsp;\u00bb<\/strong><\/strong><\/strong><\/h3>\n\n\n\n<section class=\"wp-block-uagb-columns uagb-columns__wrap uagb-columns__background-none uagb-columns__stack-mobile uagb-columns__valign- uagb-columns__gap-20 align uagb-block-f464bc85 uagb-columns__columns-2 uagb-columns__max_width-theme\"><div class=\"uagb-columns__overlay\"><\/div><div class=\"uagb-columns__inner-wrap uagb-columns__columns-2\">\n<div class=\"wp-block-uagb-column uagb-column__wrap uagb-column__background-undefined uagb-block-397deb1d\"><div class=\"uagb-column__overlay\"><\/div>\n<figure class=\"wp-block-image size-large is-resized\"><img loading=\"lazy\" src=\"https:\/\/biomimicry.eu\/forets\/wp-content\/uploads\/2023\/03\/VioletDusk_Detail1-1024x1024.jpg\" alt=\"\" class=\"wp-image-7148\" width=\"400\" height=\"512\"\/><\/figure>\n<\/div>\n\n\n\n<div class=\"wp-block-uagb-column uagb-column__wrap uagb-column__background-undefined uagb-block-6f5bd649\"><div class=\"uagb-column__overlay\"><\/div>\n<p>Cette galerie virtuelle pr\u00e9sentant des artistes et des \u0153uvres d&#8217;art en rapport avec les arbres et qui comprendra des donn\u00e9es et des informations importantes afin d&#8217;\u00e9duquer le grand public et de le sensibiliser aux probl\u00e8mes, aux id\u00e9es et \u00e0 l&#8217;inspiration autour des arbres et les for\u00eats.&nbsp; La vente des \u0153uvres d&#8217;art pr\u00e9sent\u00e9es profitera \u00e0 la fois aux artistes et aussi aux initiatives de reforestation et de pr\u00e9servation des for\u00eats dans le monde.<\/p>\n<\/div>\n<\/div><\/section>\n\n\n\n<p><\/p>\n<\/div><\/section>\n\n\n\n<p><\/p>\n","protected":false},"excerpt":{"rendered":"","protected":false},"author":1,"featured_media":0,"parent":0,"menu_order":0,"comment_status":"closed","ping_status":"closed","template":"","meta":{"_uag_custom_page_level_css":"","site-sidebar-layout":"default","site-content-layout":"page-builder","ast-site-content-layout":"","site-content-style":"default","site-sidebar-style":"default","ast-global-header-display":"","ast-banner-title-visibility":"","ast-main-header-display":"","ast-hfb-above-header-display":"","ast-hfb-below-header-display":"","ast-hfb-mobile-header-display":"","site-post-title":"disabled","ast-breadcrumbs-content":"","ast-featured-img":"","footer-sml-layout":"","theme-transparent-header-meta":"default","adv-header-id-meta":"","stick-header-meta":"","header-above-stick-meta":"","header-main-stick-meta":"","header-below-stick-meta":"","astra-migrate-meta-layouts":"default","ast-page-background-enabled":"default","ast-page-background-meta":{"desktop":{"background-color":"var(--ast-global-color-4)","background-image":"","background-repeat":"repeat","background-position":"center center","background-size":"auto","background-attachment":"scroll","background-type":"","background-media":"","overlay-type":"","overlay-color":"","overlay-opacity":"","overlay-gradient":""},"tablet":{"background-color":"","background-image":"","background-repeat":"repeat","background-position":"center center","background-size":"auto","background-attachment":"scroll","background-type":"","background-media":"","overlay-type":"","overlay-color":"","overlay-opacity":"","overlay-gradient":""},"mobile":{"background-color":"","background-image":"","background-repeat":"repeat","background-position":"center center","background-size":"auto","background-attachment":"scroll","background-type":"","background-media":"","overlay-type":"","overlay-color":"","overlay-opacity":"","overlay-gradient":""}},"ast-content-background-meta":{"desktop":{"background-color":"var(--ast-global-color-5)","background-image":"","background-repeat":"repeat","background-position":"center center","background-size":"auto","background-attachment":"scroll","background-type":"","background-media":"","overlay-type":"","overlay-color":"","overlay-opacity":"","overlay-gradient":""},"tablet":{"background-color":"var(--ast-global-color-5)","background-image":"","background-repeat":"repeat","background-position":"center center","background-size":"auto","background-attachment":"scroll","background-type":"","background-media":"","overlay-type":"","overlay-color":"","overlay-opacity":"","overlay-gradient":""},"mobile":{"background-color":"var(--ast-global-color-5)","background-image":"","background-repeat":"repeat","background-position":"center center","background-size":"auto","background-attachment":"scroll","background-type":"","background-media":"","overlay-type":"","overlay-color":"","overlay-opacity":"","overlay-gradient":""}}},"uagb_featured_image_src":{"full":false,"thumbnail":false,"medium":false,"medium_large":false,"large":false,"1536x1536":false,"2048x2048":false},"uagb_author_info":{"display_name":"GestionEtAdminFORETS","author_link":"https:\/\/biomimicry.eu\/forets\/author\/gestionetadminforets\/"},"uagb_comment_info":0,"uagb_excerpt":null,"_links":{"self":[{"href":"https:\/\/biomimicry.eu\/forets\/wp-json\/wp\/v2\/pages\/7194"}],"collection":[{"href":"https:\/\/biomimicry.eu\/forets\/wp-json\/wp\/v2\/pages"}],"about":[{"href":"https:\/\/biomimicry.eu\/forets\/wp-json\/wp\/v2\/types\/page"}],"author":[{"embeddable":true,"href":"https:\/\/biomimicry.eu\/forets\/wp-json\/wp\/v2\/users\/1"}],"replies":[{"embeddable":true,"href":"https:\/\/biomimicry.eu\/forets\/wp-json\/wp\/v2\/comments?post=7194"}],"version-history":[{"count":1,"href":"https:\/\/biomimicry.eu\/forets\/wp-json\/wp\/v2\/pages\/7194\/revisions"}],"predecessor-version":[{"id":7195,"href":"https:\/\/biomimicry.eu\/forets\/wp-json\/wp\/v2\/pages\/7194\/revisions\/7195"}],"wp:attachment":[{"href":"https:\/\/biomimicry.eu\/forets\/wp-json\/wp\/v2\/media?parent=7194"}],"curies":[{"name":"wp","href":"https:\/\/api.w.org\/{rel}","templated":true}]}}