{"id":6923,"date":"2020-11-30T11:13:52","date_gmt":"2020-11-30T10:13:52","guid":{"rendered":"https:\/\/biomimicry.eu\/forets\/?page_id=6923"},"modified":"2020-11-30T11:13:53","modified_gmt":"2020-11-30T10:13:53","slug":"socios","status":"publish","type":"page","link":"https:\/\/biomimicry.eu\/forets\/socios\/","title":{"rendered":"Socios"},"content":{"rendered":"\n<section class=\"wp-block-uagb-section uagb-section__wrap uagb-section__background-image uagb-block-0385b0c1\"><div class=\"uagb-section__overlay\"><\/div><div class=\"uagb-section__inner-wrap\">\n<p>..<br><br><br>.<\/p>\n<\/div><\/section>\n\n\n\n<section class=\"wp-block-uagb-section uagb-section__wrap uagb-section__background-color uagb-block-4a9559db\"><div class=\"uagb-section__overlay\"><\/div><div class=\"uagb-section__inner-wrap\">\n<h2>Nos<strong> partenaires<\/strong><\/h2>\n\n\n\n<section class=\"wp-block-uagb-columns uagb-columns__wrap uagb-columns__background-undefined uagb-columns__stack-mobile uagb-columns__valign-undefined uagb-columns__gap-20 alignundefined uagb-block-8a8c6c34\"><div class=\"uagb-columns__overlay\"><\/div><div class=\"uagb-columns__inner-wrap uagb-columns__columns-2\">\n<div class=\"wp-block-uagb-column uagb-column__wrap uagb-column__background-undefined uagb-block-64159ffa\"><div class=\"uagb-column__overlay\"><\/div><div class=\"uagb-column__inner-wrap\">\n<div class=\"wp-block-uagb-info-box uagb-infobox__outer-wrap uagb-block-534f7d9c\"><div class=\"uagb-infobox__content-wrap uagb-infobox uagb-infobox-has-icon uagb-infobox-icon-above-title uagb-infobox-image-valign-top uagb-infobox-enable-border-radius \"><div class=\"uagb-ifb-left-right-wrap\"><div class=\"uagb-ifb-content\"><div class=\"uagb-ifb-image-icon-content uagb-ifb-imgicon-wrap\"><div class=\"uagb-ifb-icon-wrap\"><span class=\"uagb-ifb-icon\"><svg xmlns=\"http:\/\/www.w3.org\/2000\/svg\" viewbox=\"0 0 448 512\"><path d=\"M223.99908,224a32,32,0,1,0,32.00782,32A32.06431,32.06431,0,0,0,223.99908,224Zm214.172-96c-10.877-19.5-40.50979-50.75-116.27544-41.875C300.39168,34.875,267.63386,0,223.99908,0s-76.39066,34.875-97.89653,86.125C50.3369,77.375,20.706,108.5,9.82907,128-6.54984,157.375-5.17484,201.125,34.958,256-5.17484,310.875-6.54984,354.625,9.82907,384c29.13087,52.375,101.64652,43.625,116.27348,41.875C147.60842,477.125,180.36429,512,223.99908,512s76.3926-34.875,97.89652-86.125c14.62891,1.75,87.14456,10.5,116.27544-41.875C454.55,354.625,453.175,310.875,413.04017,256,453.175,201.125,454.55,157.375,438.171,128ZM63.33886,352c-4-7.25-.125-24.75,15.00391-48.25,6.87695,6.5,14.12891,12.875,21.88087,19.125,1.625,13.75,4,27.125,6.75,40.125C82.34472,363.875,67.09081,358.625,63.33886,352Zm36.88478-162.875c-7.752,6.25-15.00392,12.625-21.88087,19.125-15.12891-23.5-19.00392-41-15.00391-48.25,3.377-6.125,16.37891-11.5,37.88478-11.5,1.75,0,3.875.375,5.75.375C104.09864,162.25,101.84864,175.625,100.22364,189.125ZM223.99908,64c9.50195,0,22.25586,13.5,33.88282,37.25-11.252,3.75-22.50391,8-33.88282,12.875-11.377-4.875-22.62892-9.125-33.88283-12.875C201.74516,77.5,214.49712,64,223.99908,64Zm0,384c-9.502,0-22.25392-13.5-33.88283-37.25,11.25391-3.75,22.50587-8,33.88283-12.875C235.378,402.75,246.62994,407,257.8819,410.75,246.25494,434.5,233.501,448,223.99908,448Zm0-112a80,80,0,1,1,80-80A80.00023,80.00023,0,0,1,223.99908,336ZM384.6593,352c-3.625,6.625-19.00392,11.875-43.63479,11,2.752-13,5.127-26.375,6.752-40.125,7.75195-6.25,15.00391-12.625,21.87891-19.125C384.7843,327.25,388.6593,344.75,384.6593,352ZM369.65538,208.25c-6.875-6.5-14.127-12.875-21.87891-19.125-1.625-13.5-3.875-26.875-6.752-40.25,1.875,0,4.002-.375,5.752-.375,21.50391,0,34.50782,5.375,37.88283,11.5C388.6593,167.25,384.7843,184.75,369.65538,208.25Z\"><\/path><\/svg><\/span><\/div><\/div><div class=\"uagb-ifb-title-wrap\"><h3 class=\"uagb-ifb-title\"><strong>I<strong>nitiateurs du programme&nbsp; &amp; partenaires scientifique<\/strong>s<\/strong><\/h3><\/div><div class=\"uagb-ifb-text-wrap\"><p class=\"uagb-ifb-desc\"><strong>A l\u2019origine du programme, il y a le professeur <a href=\"https:\/\/wp.unil.ch\/allezsavoir\/on-peut-pieger-du-co2-dans-le-sol-grace-aux-arbres\/\" target=\"_blank\" rel=\"noreferrer noopener\">Eric Verrecchia<\/a> de l\u2019universit\u00e9 de Lausanne, d\u00e9couvreur des arbres oxalog\u00e8nes (qui stockent du carbone dans le sol, sous forme de calcaire, pour des dizaines de milliers d\u2019ann\u00e9es), dont le laboratoire \u00e9tait impliqu\u00e9 dans le programme <a href=\"https:\/\/cordis.europa.eu\/project\/id\/226306\/fr\" target=\"_blank\" rel=\"noreferrer noopener\">CO2SolStock<\/a>, coordonn\u00e9 par le cabinet <a href=\"http:\/\/greenloop.eu\/\" target=\"_blank\" rel=\"noreferrer noopener\">Greenloop<\/a> qui investiguait les voies naturelles de bio-s\u00e9questration du CO2.<\/strong><br><br>Les fondateurs de l\u2019association ont ensuite voulu, avec le professeur Verrechia, utiliser ces arbres particuliers dans un programme associant reforestation et biomim\u00e9tisme, c\u2019est ainsi qu\u2019est n\u00e9e l\u2019initiative &#8220;Arbres Sauveurs&#8221; (devenue For\u00eats Communes), en 2010, entre Paris, Bruxelles et Lausanne\u2026<\/p><\/div><\/div><\/div><\/div><\/div>\n<\/div><\/div>\n\n\n\n<div class=\"wp-block-uagb-column uagb-column__wrap uagb-column__background-color uagb-block-373855ae\"><div class=\"uagb-column__overlay\"><\/div><div class=\"uagb-column__inner-wrap\">\n<div class=\"wp-block-image\"><figure class=\"aligncenter size-full is-resized\"><a href=\"https:\/\/wp.unil.ch\/allezsavoir\/on-peut-pieger-du-co2-dans-le-sol-grace-aux-arbres\/\"><img loading=\"lazy\" src=\"https:\/\/biomimicry.eu\/forets\/wp-content\/uploads\/2020\/10\/logo_UNIL.png\" alt=\"\" class=\"wp-image-6381\" width=\"212\" height=\"105\" srcset=\"https:\/\/biomimicry.eu\/forets\/wp-content\/uploads\/2020\/10\/logo_UNIL.png 500w, https:\/\/biomimicry.eu\/forets\/wp-content\/uploads\/2020\/10\/logo_UNIL-300x150.png 300w\" sizes=\"(max-width: 212px) 100vw, 212px\" \/><\/a><\/figure><\/div>\n\n\n\n<div style=\"height:20px\" aria-hidden=\"true\" class=\"wp-block-spacer\"><\/div>\n\n\n\n<div class=\"wp-block-image\"><figure class=\"aligncenter size-full is-resized\"><a href=\"https:\/\/cordis.europa.eu\/project\/id\/226306\/fr\"><img loading=\"lazy\" src=\"https:\/\/biomimicry.eu\/forets\/wp-content\/uploads\/2020\/10\/CO2SS.jpg\" alt=\"\" class=\"wp-image-6390\" width=\"170\" height=\"108\" srcset=\"https:\/\/biomimicry.eu\/forets\/wp-content\/uploads\/2020\/10\/CO2SS.jpg 550w, https:\/\/biomimicry.eu\/forets\/wp-content\/uploads\/2020\/10\/CO2SS-300x190.jpg 300w\" sizes=\"(max-width: 170px) 100vw, 170px\" \/><\/a><\/figure><\/div>\n\n\n\n<div style=\"height:20px\" aria-hidden=\"true\" class=\"wp-block-spacer\"><\/div>\n\n\n\n<div class=\"wp-block-image\"><figure class=\"aligncenter size-full is-resized\"><a href=\"http:\/\/greenloop.eu\/\"><img loading=\"lazy\" src=\"https:\/\/biomimicry.eu\/forets\/wp-content\/uploads\/2020\/10\/greenloop-beta_logo.jpg\" alt=\"\" class=\"wp-image-6383\" width=\"227\" height=\"59\" srcset=\"https:\/\/biomimicry.eu\/forets\/wp-content\/uploads\/2020\/10\/greenloop-beta_logo.jpg 368w, https:\/\/biomimicry.eu\/forets\/wp-content\/uploads\/2020\/10\/greenloop-beta_logo-300x79.jpg 300w\" sizes=\"(max-width: 227px) 100vw, 227px\" \/><\/a><\/figure><\/div>\n<\/div><\/div>\n<\/div><\/section>\n\n\n\n<div style=\"height:60px\" aria-hidden=\"true\" class=\"wp-block-spacer\"><\/div>\n\n\n\n<section class=\"wp-block-uagb-columns uagb-columns__wrap uagb-columns__background-undefined uagb-columns__stack-mobile uagb-columns__valign-undefined uagb-columns__gap-20 alignundefined uagb-block-129e56fe\"><div class=\"uagb-columns__overlay\"><\/div><div class=\"uagb-columns__inner-wrap uagb-columns__columns-2\">\n<div class=\"wp-block-uagb-column uagb-column__wrap uagb-column__background-undefined uagb-block-f2210856\"><div class=\"uagb-column__overlay\"><\/div><div class=\"uagb-column__inner-wrap\">\n<div class=\"wp-block-uagb-info-box uagb-infobox__outer-wrap uagb-block-9ef5d028\"><div class=\"uagb-infobox__content-wrap uagb-infobox uagb-infobox-has-icon uagb-infobox-icon-above-title uagb-infobox-image-valign-top uagb-infobox-enable-border-radius \"><div class=\"uagb-ifb-left-right-wrap\"><div class=\"uagb-ifb-content\"><div class=\"uagb-ifb-image-icon-content uagb-ifb-imgicon-wrap\"><div class=\"uagb-ifb-icon-wrap\"><span class=\"uagb-ifb-icon\"><svg xmlns=\"http:\/\/www.w3.org\/2000\/svg\" viewbox=\"0 0 576 512\"><path d=\"M275.3 250.5c7 7.4 18.4 7.4 25.5 0l108.9-114.2c31.6-33.2 29.8-88.2-5.6-118.8-30.8-26.7-76.7-21.9-104.9 7.7L288 36.9l-11.1-11.6C248.7-4.4 202.8-9.2 172 17.5c-35.3 30.6-37.2 85.6-5.6 118.8l108.9 114.2zm290 77.6c-11.8-10.7-30.2-10-42.6 0L430.3 402c-11.3 9.1-25.4 14-40 14H272c-8.8 0-16-7.2-16-16s7.2-16 16-16h78.3c15.9 0 30.7-10.9 33.3-26.6 3.3-20-12.1-37.4-31.6-37.4H192c-27 0-53.1 9.3-74.1 26.3L71.4 384H16c-8.8 0-16 7.2-16 16v96c0 8.8 7.2 16 16 16h356.8c14.5 0 28.6-4.9 40-14L564 377c15.2-12.1 16.4-35.3 1.3-48.9z\"><\/path><\/svg><\/span><\/div><\/div><div class=\"uagb-ifb-title-wrap\"><h3 class=\"uagb-ifb-title\"><strong>Partenaires financiers<\/strong><\/h3><\/div><div class=\"uagb-ifb-text-wrap\"><p class=\"uagb-ifb-desc\"><strong>D\u00e8s le programme lanc\u00e9, deux partenaires financiers nous ont fait confiance, et cette confiance se maintient apr\u00e8s 10 ans !<\/strong> <br><br>Il s\u2019agit de la soci\u00e9t\u00e9 <a rel=\"noreferrer noopener\" href=\"https:\/\/www.jeanherve.fr\/fr\/\" target=\"_blank\">Jean Herv\u00e9<\/a>, productrice de produits alimentaire biologiques dont le fondateur est un des pionniers de l\u2019alimentation biologique des ann\u00e9es 70, et de la <a href=\"https:\/\/www.yves-rocher-fondation.org\/\" target=\"_blank\" rel=\"noreferrer noopener\">Fondation Yves Rocher<\/a>, dans le cadre de son programme <a rel=\"noreferrer noopener\" href=\"https:\/\/www.yves-rocher-fondation.org\/plantons-pour-la-planete\/\" target=\"_blank\">&#8220;Plantons pour la plan\u00e8te&#8221;<\/a> fond\u00e9 en 2007 par Jacques Rocher, qui totalise 100 millions d\u2019arbres plant\u00e9 en fin 2020.<br><br>En cours de programme, nous avons \u00e9t\u00e9 financ\u00e9s par la soci\u00e9t\u00e9 de conseil et ing\u00e9nierie en d\u00e9veloppement durable <a href=\"https:\/\/www.inddigo.com\/\" target=\"_blank\" rel=\"noreferrer noopener\">Inddigo<\/a>, pour un programme en Inde sur 3 ans, et aid\u00e9s par la soci\u00e9t\u00e9 <a href=\"https:\/\/www.bio-ingredients.net\/fr\/\" target=\"_blank\" rel=\"noreferrer noopener\">BioIng\u00e9dients<\/a>, des coll\u00e8gues de la soci\u00e9t\u00e9 <a href=\"https:\/\/www.jeanherve.fr\/fr\/\" target=\"_blank\" rel=\"noreferrer noopener\">Jean Herv\u00e9<\/a>.<\/p><\/div><\/div><\/div><\/div><\/div>\n<\/div><\/div>\n\n\n\n<div class=\"wp-block-uagb-column uagb-column__wrap uagb-column__background-color uagb-block-e8ba87e6\"><div class=\"uagb-column__overlay\"><\/div><div class=\"uagb-column__inner-wrap\">\n<div class=\"wp-block-image is-style-default\"><figure class=\"aligncenter size-full is-resized\"><a href=\"https:\/\/www.jeanherve.fr\/fr\/\"><img loading=\"lazy\" src=\"https:\/\/biomimicry.eu\/forets\/wp-content\/uploads\/2020\/10\/logo-jean-herve\u0301.jpg\" alt=\"\" class=\"wp-image-6382\" width=\"94\" height=\"80\"\/><\/a><\/figure><\/div>\n\n\n\n<div style=\"height:30px\" aria-hidden=\"true\" class=\"wp-block-spacer\"><\/div>\n\n\n\n<div class=\"wp-block-image\"><figure class=\"aligncenter size-full is-resized\"><a href=\"https:\/\/www.yves-rocher-fondation.org\/\"><img loading=\"lazy\" src=\"https:\/\/biomimicry.eu\/forets\/wp-content\/uploads\/2020\/10\/fyr-logo-big.png\" alt=\"\" class=\"wp-image-6389\" width=\"165\" height=\"47\" srcset=\"https:\/\/biomimicry.eu\/forets\/wp-content\/uploads\/2020\/10\/fyr-logo-big.png 500w, https:\/\/biomimicry.eu\/forets\/wp-content\/uploads\/2020\/10\/fyr-logo-big-300x85.png 300w\" sizes=\"(max-width: 165px) 100vw, 165px\" \/><\/a><\/figure><\/div>\n\n\n\n<div style=\"height:30px\" aria-hidden=\"true\" class=\"wp-block-spacer\"><\/div>\n\n\n\n<div class=\"wp-block-image\"><figure class=\"aligncenter size-full is-resized\"><a href=\"https:\/\/www.inddigo.com\/\"><img loading=\"lazy\" src=\"https:\/\/biomimicry.eu\/forets\/wp-content\/uploads\/2020\/10\/logo-inddigo-hd1.jpg\" alt=\"\" class=\"wp-image-6385\" width=\"72\" height=\"110\" srcset=\"https:\/\/biomimicry.eu\/forets\/wp-content\/uploads\/2020\/10\/logo-inddigo-hd1.jpg 1181w, https:\/\/biomimicry.eu\/forets\/wp-content\/uploads\/2020\/10\/logo-inddigo-hd1-197x300.jpg 197w, https:\/\/biomimicry.eu\/forets\/wp-content\/uploads\/2020\/10\/logo-inddigo-hd1-674x1024.jpg 674w, https:\/\/biomimicry.eu\/forets\/wp-content\/uploads\/2020\/10\/logo-inddigo-hd1-768x1167.jpg 768w, https:\/\/biomimicry.eu\/forets\/wp-content\/uploads\/2020\/10\/logo-inddigo-hd1-1011x1536.jpg 1011w\" sizes=\"(max-width: 72px) 100vw, 72px\" \/><\/a><\/figure><\/div>\n\n\n\n<div style=\"height:30px\" aria-hidden=\"true\" class=\"wp-block-spacer\"><\/div>\n\n\n\n<div class=\"wp-block-image\"><figure class=\"aligncenter size-full is-resized\"><a href=\"https:\/\/www.bio-ingredients.net\/fr\/\"><img loading=\"lazy\" src=\"https:\/\/biomimicry.eu\/forets\/wp-content\/uploads\/2020\/10\/Logo-Bio-Ingredients.png\" alt=\"\" class=\"wp-image-6384\" width=\"110\" height=\"71\"\/><\/a><\/figure><\/div>\n\n\n\n<p><\/p>\n<\/div><\/div>\n<\/div><\/section>\n\n\n\n<div style=\"height:60px\" aria-hidden=\"true\" class=\"wp-block-spacer\"><\/div>\n\n\n\n<section class=\"wp-block-uagb-section uagb-section__wrap uagb-section__background-undefined uagb-block-d724d2ff\"><div class=\"uagb-section__overlay\"><\/div><div class=\"uagb-section__inner-wrap\">\n<div class=\"wp-block-uagb-info-box uagb-infobox__outer-wrap uagb-block-1c172477\"><div class=\"uagb-infobox__content-wrap uagb-infobox uagb-infobox-has-icon uagb-infobox-icon-above-title uagb-infobox-image-valign-top uagb-infobox-enable-border-radius \"><div class=\"uagb-ifb-left-right-wrap\"><div class=\"uagb-ifb-content\"><div class=\"uagb-ifb-image-icon-content uagb-ifb-imgicon-wrap\"><div class=\"uagb-ifb-icon-wrap\"><span class=\"uagb-ifb-icon\"><svg xmlns=\"http:\/\/www.w3.org\/2000\/svg\" viewbox=\"0 0 448 512\"><path d=\"M370 63.6C331.4 22.6 280.5 0 226.6 0 111.9 0 18.5 96.2 18.5 214.4c0 75.1 57.8 159.8 82.7 192.7C137.8 455.5 192.6 512 226.6 512c41.6 0 112.9-94.2 120.9-105 24.6-33.1 82-118.3 82-192.6 0-56.5-21.1-110.1-59.5-150.8zM226.6 493.9c-42.5 0-190-167.3-190-279.4 0-107.4 83.9-196.3 190-196.3 100.8 0 184.7 89 184.7 196.3.1 112.1-147.4 279.4-184.7 279.4zM338 206.8c0 59.1-51.1 109.7-110.8 109.7-100.6 0-150.7-108.2-92.9-181.8v.4c0 24.5 20.1 44.4 44.8 44.4 24.7 0 44.8-19.9 44.8-44.4 0-18.2-11.1-33.8-26.9-40.7 76.6-19.2 141 39.3 141 112.4z\"><\/path><\/svg><\/span><\/div><\/div><div class=\"uagb-ifb-title-wrap\"><h3 class=\"uagb-ifb-title\"><strong><strong>Partenaires terrain<\/strong><\/strong><\/h3><\/div><div class=\"uagb-ifb-text-wrap\"><p class=\"uagb-ifb-desc\"><strong>Sans eux, sans leur ancrage et volont\u00e9 nous ce programme n&#8217;existerait pas. Ce sont eux qui assurent le lien avec le terrain. Pour mieux les conna\u00eetre nous vous invitons \u00e0 aller sur les pages des pays d&#8217;action auxquels ils sont associ\u00e9s.<\/strong><\/p><\/div><\/div><\/div><\/div><\/div>\n\n\n\n<p><\/p>\n<\/div><\/section>\n\n\n\n<section class=\"wp-block-uagb-columns uagb-columns__wrap uagb-columns__background-undefined uagb-columns__stack-mobile uagb-columns__valign-undefined uagb-columns__gap-30 alignundefined uagb-block-d6318570\"><div class=\"uagb-columns__overlay\"><\/div><div class=\"uagb-columns__inner-wrap uagb-columns__columns-3\">\n<div class=\"wp-block-uagb-column uagb-column__wrap uagb-column__background-none uagb-block-d1527693\"><div class=\"uagb-column__overlay\"><\/div><div class=\"uagb-column__inner-wrap\">\n<p><strong><a href=\"https:\/\/biomimicry.eu\/forets\/haiti\/Ha\u00efti\">Ha\u00efti<\/a><\/strong> :<\/p>\n\n\n\n<ul><li>CEFEDEC<\/li><li>EDGE<\/li><li>OPAPAM<\/li><li>Sadhana Forest &#8211; Haiti<\/li><li>OPASCAR<\/li><\/ul>\n<\/div><\/div>\n\n\n\n<div class=\"wp-block-uagb-column uagb-column__wrap uagb-column__background-none uagb-block-7d57d227\"><div class=\"uagb-column__overlay\"><\/div><div class=\"uagb-column__inner-wrap\">\n<p><a href=\"https:\/\/biomimicry.eu\/forets\/mexique\/\" data-type=\"page\" data-id=\"5809\"><strong>Mexique<\/strong><\/a> :<\/p>\n\n\n\n<ul><li>Proteinna<\/li><li>Maricela Nahuat Tun<\/li><li>CESUC<\/li><li>Dario Guti\u00e9rrez Rueda &amp; Julia Anaid Noh Pedraza<\/li><li>Luum Ayni<\/li><\/ul>\n<\/div><\/div>\n\n\n\n<div class=\"wp-block-uagb-column uagb-column__wrap uagb-column__background-none uagb-block-dba664ab\"><div class=\"uagb-column__overlay\"><\/div><div class=\"uagb-column__inner-wrap\">\n<p><a href=\"https:\/\/biomimicry.eu\/forets\/inde\/\" data-type=\"page\" data-id=\"5190\"><strong>Inde<\/strong><\/a> :<\/p>\n\n\n\n<ul><li>Sadhana Forest<\/li><\/ul>\n<\/div><\/div>\n<\/div><\/section>\n\n\n\n<p><\/p>\n<\/div><\/section>\n\n\n\n<hr class=\"wp-block-separator is-style-default\"\/>\n\n\n\n<section class=\"wp-block-uagb-section uagb-section__wrap uagb-section__background-color uagb-block-5837e9e1\"><div class=\"uagb-section__overlay\"><\/div><div class=\"uagb-section__inner-wrap\">\n<h2 class=\"has-text-align-left has-light-green-cyan-color has-text-color\">Hommage \u00e0 Jean herv\u00e9<\/h2>\n\n\n\n<section class=\"wp-block-uagb-columns uagb-columns__wrap uagb-columns__background-undefined uagb-columns__stack-mobile uagb-columns__valign-undefined uagb-columns__gap-20 alignundefined uagb-block-e11ee0b7\"><div class=\"uagb-columns__overlay\"><\/div><div class=\"uagb-columns__inner-wrap uagb-columns__columns-2\">\n<div class=\"wp-block-uagb-column uagb-column__wrap uagb-column__background-undefined uagb-block-43594a28\"><div class=\"uagb-column__overlay\"><\/div><div class=\"uagb-column__inner-wrap\">\n<p><strong><span class=\"has-inline-color has-white-color\">C\u2019est avec tristesse que nous avons appris le d\u00e9c\u00e8s jeudi 16 f\u00e9vrier 2017 de Jean Herv\u00e9, fondateur de l\u2019entreprise \u00e9ponyme, qui est le premier soutien financier du programme For\u00eats Communes (alias Arbres Sauveurs), depuis nos d\u00e9buts en 2011.<\/span><\/strong><\/p>\n\n\n\n<p><span class=\"has-inline-color has-white-color\">C\u2019est suite \u00e0 une rencontre avant tout humaine, conclue par une simple poign\u00e9e de main, que Jean Herv\u00e9 s\u2019\u00e9tait alors engag\u00e9 \u00e0 nous soutenir pendant plusieurs ann\u00e9es en Ha\u00efti.<br>Une attitude repr\u00e9sentative de cet homme, dont les valeurs ont guid\u00e9 et dessin\u00e9 toute sa vie, des valeurs qui mettaient le respect de l\u2019\u00eatre humain et de la nature au c\u0153ur de tout projet.<br>Des valeurs qui s\u2019exprimaient \u2013 et s\u2019expriment encore \u2013 \u00e0 la fois dans le soutien aux populations les plus d\u00e9munies \u00e0 travers des programmes de reforestation et de scolarisation (Ha\u00efti, Madagascar\u2026), en France et en Europe \u00e0 travers une d\u00e9fense farouche de l\u2019agriculture biologique, mais aussi dans le fonctionnement entier de l\u2019entreprise qu\u2019il a cr\u00e9\u00e9e et que ses enfants ont repris (production traditionnelle et \u00e9cologique, participation \u00e0 l\u2019\u00e9conomie locale\u2026).<\/span><\/p>\n\n\n\n<p><span class=\"has-inline-color has-white-color\">Une personne qui mettait ses pens\u00e9es en actes assur\u00e9ment et nous savons que ses enfants poursuivent avec passion dans ce m\u00eame esprit.<\/span><\/p>\n\n\n\n<p><span class=\"has-inline-color has-white-color\">Sans <a href=\"http:\/\/www.jeanherve.fr\/fr\/content\/7-entreprise\">l\u2019entreprise Jean Herv\u00e9<\/a> nous n\u2019aurions certainement pas pu atteindre les 150\u200d000 arbres plant\u00e9s en Ha\u00efti en ce d\u00e9but 2017\u2026 c\u2019est donc&nbsp; avec gratitude que nous souhaitions lui d\u00e9dier cette \u00e9tape significative.<\/span><\/p>\n<\/div><\/div>\n\n\n\n<div class=\"wp-block-uagb-column uagb-column__wrap uagb-column__background-undefined uagb-block-a888fd54\"><div class=\"uagb-column__overlay\"><\/div><div class=\"uagb-column__inner-wrap\">\n<figure class=\"wp-block-image size-full is-resized is-style-rounded\"><img loading=\"lazy\" src=\"https:\/\/biomimicry.eu\/forets\/wp-content\/uploads\/2020\/11\/JeanHerve.png\" alt=\"\" class=\"wp-image-6777\" width=\"340\" height=\"343\" srcset=\"https:\/\/biomimicry.eu\/forets\/wp-content\/uploads\/2020\/11\/JeanHerve.png 413w, https:\/\/biomimicry.eu\/forets\/wp-content\/uploads\/2020\/11\/JeanHerve-298x300.png 298w, https:\/\/biomimicry.eu\/forets\/wp-content\/uploads\/2020\/11\/JeanHerve-150x150.png 150w\" sizes=\"(max-width: 340px) 100vw, 340px\" \/><figcaption><em><span class=\"has-inline-color has-cyan-bluish-gray-color\">Jean Herv\u00e9 (cr\u00e9dits : page facebook de l\u2019entreprise)<\/span><\/em><\/figcaption><\/figure>\n<\/div><\/div>\n<\/div><\/section>\n\n\n\n<p><\/p>\n<\/div><\/section>\n\n\n\n<p><\/p>\n","protected":false},"excerpt":{"rendered":"","protected":false},"author":1,"featured_media":0,"parent":0,"menu_order":0,"comment_status":"closed","ping_status":"closed","template":"","meta":{"_uag_custom_page_level_css":"","site-sidebar-layout":"default","site-content-layout":"default","ast-site-content-layout":"","site-content-style":"default","site-sidebar-style":"default","ast-global-header-display":"","ast-banner-title-visibility":"","ast-main-header-display":"","ast-hfb-above-header-display":"","ast-hfb-below-header-display":"","ast-hfb-mobile-header-display":"","site-post-title":"","ast-breadcrumbs-content":"","ast-featured-img":"","footer-sml-layout":"","theme-transparent-header-meta":"default","adv-header-id-meta":"","stick-header-meta":"","header-above-stick-meta":"","header-main-stick-meta":"","header-below-stick-meta":"","astra-migrate-meta-layouts":"default","ast-page-background-enabled":"default","ast-page-background-meta":{"desktop":{"background-color":"var(--ast-global-color-4)","background-image":"","background-repeat":"repeat","background-position":"center center","background-size":"auto","background-attachment":"scroll","background-type":"","background-media":"","overlay-type":"","overlay-color":"","overlay-opacity":"","overlay-gradient":""},"tablet":{"background-color":"","background-image":"","background-repeat":"repeat","background-position":"center center","background-size":"auto","background-attachment":"scroll","background-type":"","background-media":"","overlay-type":"","overlay-color":"","overlay-opacity":"","overlay-gradient":""},"mobile":{"background-color":"","background-image":"","background-repeat":"repeat","background-position":"center center","background-size":"auto","background-attachment":"scroll","background-type":"","background-media":"","overlay-type":"","overlay-color":"","overlay-opacity":"","overlay-gradient":""}},"ast-content-background-meta":{"desktop":{"background-color":"var(--ast-global-color-5)","background-image":"","background-repeat":"repeat","background-position":"center center","background-size":"auto","background-attachment":"scroll","background-type":"","background-media":"","overlay-type":"","overlay-color":"","overlay-opacity":"","overlay-gradient":""},"tablet":{"background-color":"var(--ast-global-color-5)","background-image":"","background-repeat":"repeat","background-position":"center center","background-size":"auto","background-attachment":"scroll","background-type":"","background-media":"","overlay-type":"","overlay-color":"","overlay-opacity":"","overlay-gradient":""},"mobile":{"background-color":"var(--ast-global-color-5)","background-image":"","background-repeat":"repeat","background-position":"center center","background-size":"auto","background-attachment":"scroll","background-type":"","background-media":"","overlay-type":"","overlay-color":"","overlay-opacity":"","overlay-gradient":""}}},"uagb_featured_image_src":{"full":false,"thumbnail":false,"medium":false,"medium_large":false,"large":false,"1536x1536":false,"2048x2048":false},"uagb_author_info":{"display_name":"GestionEtAdminFORETS","author_link":"https:\/\/biomimicry.eu\/forets\/author\/gestionetadminforets\/"},"uagb_comment_info":0,"uagb_excerpt":null,"_links":{"self":[{"href":"https:\/\/biomimicry.eu\/forets\/wp-json\/wp\/v2\/pages\/6923"}],"collection":[{"href":"https:\/\/biomimicry.eu\/forets\/wp-json\/wp\/v2\/pages"}],"about":[{"href":"https:\/\/biomimicry.eu\/forets\/wp-json\/wp\/v2\/types\/page"}],"author":[{"embeddable":true,"href":"https:\/\/biomimicry.eu\/forets\/wp-json\/wp\/v2\/users\/1"}],"replies":[{"embeddable":true,"href":"https:\/\/biomimicry.eu\/forets\/wp-json\/wp\/v2\/comments?post=6923"}],"version-history":[{"count":1,"href":"https:\/\/biomimicry.eu\/forets\/wp-json\/wp\/v2\/pages\/6923\/revisions"}],"predecessor-version":[{"id":6924,"href":"https:\/\/biomimicry.eu\/forets\/wp-json\/wp\/v2\/pages\/6923\/revisions\/6924"}],"wp:attachment":[{"href":"https:\/\/biomimicry.eu\/forets\/wp-json\/wp\/v2\/media?parent=6923"}],"curies":[{"name":"wp","href":"https:\/\/api.w.org\/{rel}","templated":true}]}}