{"id":6763,"date":"2020-11-27T10:42:35","date_gmt":"2020-11-27T09:42:35","guid":{"rendered":"https:\/\/biomimicry.eu\/forets\/?page_id=6763"},"modified":"2025-05-17T10:41:16","modified_gmt":"2025-05-17T08:41:16","slug":"partenaires","status":"publish","type":"page","link":"https:\/\/biomimicry.eu\/forets\/partenaires\/","title":{"rendered":"Partenaires"},"content":{"rendered":"\n<section class=\"wp-block-uagb-section uagb-section__wrap uagb-section__background-image uagb-block-d29f4762\"><div class=\"uagb-section__overlay\"><\/div><div class=\"uagb-section__inner-wrap\">\n<p>..<br><br><br>.<\/p>\n<\/div><\/section>\n\n\n\n<section class=\"wp-block-uagb-section uagb-section__wrap uagb-section__background-color uagb-block-885c3074\"><div class=\"uagb-section__overlay\"><\/div><div class=\"uagb-section__inner-wrap\">\n<h2>Nos<strong> partenaires<\/strong><\/h2>\n\n\n\n<section class=\"wp-block-uagb-columns uagb-columns__wrap uagb-columns__stack-mobile uagb-columns__valign- uagb-columns__gap-20 align uagb-block-c7ede186 uagb-columns__columns-2 uagb-columns__max_width-theme\"><div class=\"uagb-columns__overlay\"><\/div><div class=\"uagb-columns__inner-wrap uagb-columns__columns-2\">\n<div class=\"wp-block-uagb-column uagb-column__wrap uagb-column__background-undefined uagb-block-d79e6c84\"><div class=\"uagb-column__overlay\"><\/div>\n<div class=\"wp-block-uagb-info-box uagb-block-b0bb0408 uagb-infobox__content-wrap  uagb-infobox-icon-above-title uagb-infobox-image-valign-top uagb-infobox__outer-wrap\"><div class=\"uagb-ifb-content\"><div class=\"uagb-ifb-icon-wrap\"><svg xmlns=\"https:\/\/www.w3.org\/2000\/svg\" viewbox=\"0 0 512 512\"><path d=\"M256 224C238.4 224 223.1 238.4 223.1 256S238.4 288 256 288c17.63 0 32-14.38 32-32S273.6 224 256 224zM470.2 128c-10.88-19.5-40.51-50.75-116.3-41.88C332.4 34.88 299.6 0 256 0S179.6 34.88 158.1 86.12C82.34 77.38 52.71 108.5 41.83 128c-16.38 29.38-14.91 73.12 25.23 128c-40.13 54.88-41.61 98.63-25.23 128c29.13 52.38 101.6 43.63 116.3 41.88C179.6 477.1 212.4 512 256 512s76.39-34.88 97.9-86.13C368.5 427.6 441 436.4 470.2 384c16.38-29.38 14.91-73.13-25.23-128C485.1 201.1 486.5 157.4 470.2 128zM95.34 352c-4.001-7.25-.1251-24.75 15-48.25c6.876 6.5 14.13 12.87 21.88 19.12c1.625 13.75 4.001 27.13 6.751 40.13C114.3 363.9 99.09 358.6 95.34 352zM132.2 189.1C124.5 195.4 117.2 201.8 110.3 208.2C95.22 184.8 91.34 167.2 95.34 160c3.376-6.125 16.38-11.5 37.88-11.5c1.75 0 3.876 .375 5.751 .375C136.1 162.2 133.8 175.6 132.2 189.1zM256 64c9.502 0 22.25 13.5 33.88 37.25C278.6 105 267.4 109.3 256 114.1C244.6 109.3 233.4 105 222.1 101.2C233.7 77.5 246.5 64 256 64zM256 448c-9.502 0-22.25-13.5-33.88-37.25C233.4 407 244.6 402.7 256 397.9c11.38 4.875 22.63 9.135 33.88 12.89C278.3 434.5 265.5 448 256 448zM256 336c-44.13 0-80.02-35.88-80.02-80S211.9 176 256 176s80.02 35.88 80.02 80S300.1 336 256 336zM416.7 352c-3.626 6.625-19 11.88-43.63 11c2.751-12.1 5.126-26.38 6.751-40.13c7.752-6.25 15-12.63 21.88-19.12C416.8 327.2 420.7 344.8 416.7 352zM401.7 208.2c-6.876-6.5-14.13-12.87-21.88-19.12c-1.625-13.5-3.876-26.88-6.751-40.25c1.875 0 4.001-.375 5.751-.375c21.5 0 34.51 5.375 37.88 11.5C420.7 167.2 416.8 184.8 401.7 208.2z\"><\/path><\/svg><\/div><div class=\"uagb-ifb-title-wrap\"><h3 class=\"uagb-ifb-title\"><strong>I<strong>nitiateurs du programme&nbsp; &amp; partenaires scientifique<\/strong>s<\/strong><\/h3><\/div><p class=\"uagb-ifb-desc\"><strong>A l\u2019origine du programme en Ha\u00efti et au Mexique, il y a le professeur <a rel=\"noreferrer noopener\" href=\"https:\/\/wp.unil.ch\/allezsavoir\/on-peut-pieger-du-co2-dans-le-sol-grace-aux-arbres\/\" target=\"_blank\">Eric Verrecchia<\/a> de l\u2019universit\u00e9 de Lausanne, d\u00e9couvreur des arbres oxalog\u00e8nes (qui stockent du carbone dans le sol, sous forme de calcaire, pour des dizaines de milliers d\u2019ann\u00e9es), dont le laboratoire \u00e9tait impliqu\u00e9 dans le programme <a rel=\"noreferrer noopener\" href=\"https:\/\/cordis.europa.eu\/project\/id\/226306\/fr\" target=\"_blank\">CO2SolStock<\/a>, coordonn\u00e9 par le cabinet <a rel=\"noreferrer noopener\" href=\"http:\/\/greenloop.eu\/\" target=\"_blank\">Greenloop<\/a> qui investiguait les voies naturelles de bio-s\u00e9questration du CO2.<\/strong><br><br>Les fondateurs de l\u2019association ont ensuite voulu, avec le professeur Verrechia, utiliser ces arbres particuliers dans un programme associant reforestation et biomim\u00e9tisme, c\u2019est ainsi qu\u2019est n\u00e9e l\u2019initiative &#8220;Arbres Sauveurs&#8221; (devenue For\u00eats Communes), en 2010, entre Paris, Bruxelles et Lausanne\u2026<\/p><\/div><\/div>\n<\/div>\n\n\n\n<div class=\"wp-block-uagb-column uagb-column__wrap uagb-column__background-color uagb-block-fedfe64a\"><div class=\"uagb-column__overlay\"><\/div>\n<div class=\"wp-block-image\"><figure class=\"aligncenter size-full is-resized\"><a href=\"https:\/\/wp.unil.ch\/allezsavoir\/on-peut-pieger-du-co2-dans-le-sol-grace-aux-arbres\/\"><img loading=\"lazy\" src=\"https:\/\/biomimicry.eu\/forets\/wp-content\/uploads\/2020\/10\/logo_UNIL.png\" alt=\"\" class=\"wp-image-6381\" width=\"212\" height=\"105\" srcset=\"https:\/\/biomimicry.eu\/forets\/wp-content\/uploads\/2020\/10\/logo_UNIL.png 500w, https:\/\/biomimicry.eu\/forets\/wp-content\/uploads\/2020\/10\/logo_UNIL-300x150.png 300w\" sizes=\"(max-width: 212px) 100vw, 212px\" \/><\/a><\/figure><\/div>\n\n\n\n<div style=\"height:20px\" aria-hidden=\"true\" class=\"wp-block-spacer\"><\/div>\n\n\n\n<div class=\"wp-block-image\"><figure class=\"aligncenter size-full is-resized\"><a href=\"https:\/\/cordis.europa.eu\/project\/id\/226306\/fr\"><img loading=\"lazy\" src=\"https:\/\/biomimicry.eu\/forets\/wp-content\/uploads\/2020\/10\/CO2SS.jpg\" alt=\"\" class=\"wp-image-6390\" width=\"170\" height=\"108\" srcset=\"https:\/\/biomimicry.eu\/forets\/wp-content\/uploads\/2020\/10\/CO2SS.jpg 550w, https:\/\/biomimicry.eu\/forets\/wp-content\/uploads\/2020\/10\/CO2SS-300x190.jpg 300w\" sizes=\"(max-width: 170px) 100vw, 170px\" \/><\/a><\/figure><\/div>\n\n\n\n<div style=\"height:20px\" aria-hidden=\"true\" class=\"wp-block-spacer\"><\/div>\n\n\n\n<div class=\"wp-block-image\"><figure class=\"aligncenter size-full is-resized\"><a href=\"http:\/\/greenloop.eu\/\"><img loading=\"lazy\" src=\"https:\/\/biomimicry.eu\/forets\/wp-content\/uploads\/2020\/10\/greenloop-beta_logo.jpg\" alt=\"\" class=\"wp-image-6383\" width=\"227\" height=\"59\" srcset=\"https:\/\/biomimicry.eu\/forets\/wp-content\/uploads\/2020\/10\/greenloop-beta_logo.jpg 368w, https:\/\/biomimicry.eu\/forets\/wp-content\/uploads\/2020\/10\/greenloop-beta_logo-300x79.jpg 300w\" sizes=\"(max-width: 227px) 100vw, 227px\" \/><\/a><\/figure><\/div>\n<\/div>\n<\/div><\/section>\n\n\n\n<div style=\"height:60px\" aria-hidden=\"true\" class=\"wp-block-spacer\"><\/div>\n\n\n\n<section class=\"wp-block-uagb-columns uagb-columns__wrap uagb-columns__stack-mobile uagb-columns__valign- uagb-columns__gap-20 align uagb-block-4b912d3e uagb-columns__columns-2 uagb-columns__max_width-theme\"><div class=\"uagb-columns__overlay\"><\/div><div class=\"uagb-columns__inner-wrap uagb-columns__columns-2\">\n<div class=\"wp-block-uagb-column uagb-column__wrap uagb-column__background-undefined uagb-block-a557fb30\"><div class=\"uagb-column__overlay\"><\/div>\n<div class=\"wp-block-uagb-info-box uagb-block-6c37a86d uagb-infobox__content-wrap  uagb-infobox-icon-above-title uagb-infobox-image-valign-top uagb-infobox__outer-wrap\"><div class=\"uagb-ifb-content\"><div class=\"uagb-ifb-icon-wrap\"><svg xmlns=\"https:\/\/www.w3.org\/2000\/svg\" viewbox=\"0 0 576 512\"><path d=\"M275.2 250.5c7 7.375 18.5 7.375 25.5 0l108.1-114.2c31.5-33.12 29.72-88.1-5.65-118.7c-30.88-26.75-76.75-21.9-104.9 7.724L287.1 36.91L276.8 25.28C248.7-4.345 202.7-9.194 171.1 17.56C136.7 48.18 134.7 103.2 166.4 136.3L275.2 250.5zM568.2 336.3c-13.12-17.81-38.14-21.66-55.93-8.469l-119.7 88.17h-120.6c-8.748 0-15.1-7.25-15.1-15.1c0-8.746 7.25-15.1 15.1-15.1h78.25c15.1 0 30.75-10.87 33.37-26.62c3.25-19.1-12.12-37.37-31.62-37.37H191.1c-26.1 0-53.12 9.25-74.12 26.25l-46.5 37.74l-55.37-.0253c-8.748 0-15.1 7.275-15.1 16.02L.0001 496C.0001 504.8 7.251 512 15.1 512h346.1c22.03 0 43.92-7.187 61.7-20.28l135.1-99.51C577.5 379.1 581.3 354.1 568.2 336.3z\"><\/path><\/svg><\/div><div class=\"uagb-ifb-title-wrap\"><h3 class=\"uagb-ifb-title\"><strong>Partenaires financiers<\/strong><br><\/h3><\/div><p class=\"uagb-ifb-desc\"><strong>En France, les projets se sont d\u00e9velopp\u00e9s avec notre partenaire historique,  la <a rel=\"noreferrer noopener\" href=\"https:\/\/www.yves-rocher-fondation.org\/\" target=\"_blank\">Fondation Yves Rocher<\/a>,  en tandem avec la <a href=\"https:\/\/foundation.maisonsdumonde.com\/\" data-type=\"URL\" data-id=\"https:\/\/foundation.maisonsdumonde.com\/\">Maisons du Monde Foundation<\/a>, et le co-financement du bailleur social propri\u00e9taire des terrains, <a href=\"https:\/\/plainecommunehabitat.fr\/\">Plaine Commune Habitat<\/a>. <\/strong><br><br><br><br><br><br><strong>En Ha\u00efti et au Mexique,  deux partenaires financiers nous ont fait confiance d\u00e9puis les d\u00e9but en 2011<\/strong> <br><br>Il s\u2019agit de la soci\u00e9t\u00e9 <a rel=\"noreferrer noopener\" href=\"https:\/\/www.jeanherve.fr\/fr\/\" target=\"_blank\">Jean Herv\u00e9<\/a>, productrice de produits alimentaire biologiques dont le fondateur est un des pionniers de l\u2019alimentation biologique des ann\u00e9es 70, et de la <a rel=\"noreferrer noopener\" href=\"https:\/\/www.yves-rocher-fondation.org\/\" target=\"_blank\">Fondation Yves Rocher<\/a>, dans le cadre de son programme <a rel=\"noreferrer noopener\" href=\"https:\/\/www.yves-rocher-fondation.org\/plantons-pour-la-planete\/\" target=\"_blank\">&#8220;Plantons pour la plan\u00e8te&#8221;<\/a> fond\u00e9 en 2007 par Jacques Rocher, qui totalise 100 millions d\u2019arbres plant\u00e9 en fin 2020.<br><br>En cours de programme, nous avons \u00e9t\u00e9 financ\u00e9s par la soci\u00e9t\u00e9 de conseil et ing\u00e9nierie en d\u00e9veloppement durable <a rel=\"noreferrer noopener\" href=\"https:\/\/www.inddigo.com\/\" target=\"_blank\">Inddigo<\/a>, pour un programme en Inde sur 3 ans.<\/p><\/div><\/div>\n<\/div>\n\n\n\n<div class=\"wp-block-uagb-column uagb-column__wrap uagb-column__background-color uagb-block-20fbc653\"><div class=\"uagb-column__overlay\"><\/div>\n<div class=\"wp-block-image is-style-default\"><figure class=\"aligncenter size-large is-resized\"><img loading=\"lazy\" src=\"https:\/\/biomimicry.eu\/forets\/wp-content\/uploads\/2025\/05\/logo-FYR_v2.png\" alt=\"\" class=\"wp-image-7453\" width=\"245\" height=\"62\" srcset=\"https:\/\/biomimicry.eu\/forets\/wp-content\/uploads\/2025\/05\/logo-FYR_v2.png 642w, https:\/\/biomimicry.eu\/forets\/wp-content\/uploads\/2025\/05\/logo-FYR_v2-300x77.png 300w\" sizes=\"(max-width: 245px) 100vw, 245px\" \/><\/figure><\/div>\n\n\n\n<div style=\"height:30px\" aria-hidden=\"true\" class=\"wp-block-spacer\"><\/div>\n\n\n\n<div class=\"wp-block-image is-style-default\"><figure class=\"aligncenter size-large is-resized\"><img loading=\"lazy\" src=\"https:\/\/biomimicry.eu\/forets\/wp-content\/uploads\/2025\/05\/2021-Logo-MDM-Foundation-ss-cartouche-RVB-1.jpg\" alt=\"\" class=\"wp-image-7455\" width=\"199\" height=\"81\"\/><\/figure><\/div>\n\n\n\n<div style=\"height:30px\" aria-hidden=\"true\" class=\"wp-block-spacer\"><\/div>\n\n\n\n<div class=\"wp-block-image\"><figure class=\"aligncenter size-large is-resized\"><img loading=\"lazy\" src=\"https:\/\/biomimicry.eu\/forets\/wp-content\/uploads\/2025\/05\/Logo-PCH.png\" alt=\"\" class=\"wp-image-7454\" width=\"171\" height=\"96\"\/><\/figure><\/div>\n\n\n\n<div style=\"height:30px\" aria-hidden=\"true\" class=\"wp-block-spacer\"><\/div>\n\n\n\n<div class=\"wp-block-image is-style-default\"><figure class=\"aligncenter size-full is-resized\"><a href=\"https:\/\/www.jeanherve.fr\/fr\/\"><img loading=\"lazy\" src=\"https:\/\/biomimicry.eu\/forets\/wp-content\/uploads\/2020\/10\/logo-jean-herve\u0301.jpg\" alt=\"\" class=\"wp-image-6382\" width=\"94\" height=\"80\"\/><\/a><\/figure><\/div>\n\n\n\n<div style=\"height:30px\" aria-hidden=\"true\" class=\"wp-block-spacer\"><\/div>\n\n\n\n<div class=\"wp-block-image\"><figure class=\"aligncenter size-full is-resized\"><a href=\"https:\/\/www.inddigo.com\/\"><img loading=\"lazy\" src=\"https:\/\/biomimicry.eu\/forets\/wp-content\/uploads\/2020\/10\/logo-inddigo-hd1.jpg\" alt=\"\" class=\"wp-image-6385\" width=\"72\" height=\"110\" srcset=\"https:\/\/biomimicry.eu\/forets\/wp-content\/uploads\/2020\/10\/logo-inddigo-hd1.jpg 1181w, https:\/\/biomimicry.eu\/forets\/wp-content\/uploads\/2020\/10\/logo-inddigo-hd1-197x300.jpg 197w, https:\/\/biomimicry.eu\/forets\/wp-content\/uploads\/2020\/10\/logo-inddigo-hd1-674x1024.jpg 674w, https:\/\/biomimicry.eu\/forets\/wp-content\/uploads\/2020\/10\/logo-inddigo-hd1-768x1167.jpg 768w, https:\/\/biomimicry.eu\/forets\/wp-content\/uploads\/2020\/10\/logo-inddigo-hd1-1011x1536.jpg 1011w\" sizes=\"(max-width: 72px) 100vw, 72px\" \/><\/a><\/figure><\/div>\n\n\n\n<p><\/p>\n<\/div>\n<\/div><\/section>\n\n\n\n<div style=\"height:60px\" aria-hidden=\"true\" class=\"wp-block-spacer\"><\/div>\n\n\n\n<section class=\"wp-block-uagb-section uagb-section__wrap uagb-section__background-undefined uagb-block-dd4b5bd7\"><div class=\"uagb-section__overlay\"><\/div><div class=\"uagb-section__inner-wrap\">\n<div class=\"wp-block-uagb-info-box uagb-block-965fd854 uagb-infobox__content-wrap  uagb-infobox-icon-above-title uagb-infobox-image-valign-top uagb-infobox__outer-wrap\"><div class=\"uagb-ifb-content\"><div class=\"uagb-ifb-icon-wrap\"><svg xmlns=\"https:\/\/www.w3.org\/2000\/svg\" viewbox=\"0 0 448 512\"><path d=\"M370 63.6C331.4 22.6 280.5 0 226.6 0 111.9 0 18.5 96.2 18.5 214.4c0 75.1 57.8 159.8 82.7 192.7C137.8 455.5 192.6 512 226.6 512c41.6 0 112.9-94.2 120.9-105 24.6-33.1 82-118.3 82-192.6 0-56.5-21.1-110.1-59.5-150.8zM226.6 493.9c-42.5 0-190-167.3-190-279.4 0-107.4 83.9-196.3 190-196.3 100.8 0 184.7 89 184.7 196.3 .1 112.1-147.4 279.4-184.7 279.4zM338 206.8c0 59.1-51.1 109.7-110.8 109.7-100.6 0-150.7-108.2-92.9-181.8v.4c0 24.5 20.1 44.4 44.8 44.4 24.7 0 44.8-19.9 44.8-44.4 0-18.2-11.1-33.8-26.9-40.7 76.6-19.2 141 39.3 141 112.4z\"><\/path><\/svg><\/div><div class=\"uagb-ifb-title-wrap\"><h3 class=\"uagb-ifb-title\"><strong><strong>Partenaires terrain<\/strong><\/strong><\/h3><\/div><p class=\"uagb-ifb-desc\"><strong>Sans eux, sans leur ancrage et volont\u00e9 nous ce programme n&#8217;existerait pas. Ce sont eux qui assurent le lien avec le terrain. Pour mieux les conna\u00eetre nous vous invitons \u00e0 aller sur les pages des pays d&#8217;action auxquels ils sont associ\u00e9s.<\/strong><\/p><\/div><\/div>\n\n\n\n<p><\/p>\n<\/div><\/section>\n\n\n\n<section class=\"wp-block-uagb-columns uagb-columns__wrap uagb-columns__stack-mobile uagb-columns__valign- uagb-columns__gap-30 align uagb-block-394caf24 uagb-columns__columns-4 uagb-columns__max_width-theme\"><div class=\"uagb-columns__overlay\"><\/div><div class=\"uagb-columns__inner-wrap uagb-columns__columns-4\">\n<div class=\"wp-block-uagb-column uagb-column__wrap uagb-column__background-none uagb-block-368bd8f7\"><div class=\"uagb-column__overlay\"><\/div><\/div>\n\n\n\n<div class=\"wp-block-uagb-column uagb-column__wrap uagb-column__background-none uagb-block-252587b2\"><div class=\"uagb-column__overlay\"><\/div>\n<p><a href=\"https:\/\/biomimicry.eu\/forets\/mexique\/\" data-type=\"page\" data-id=\"5809\"><strong>Mexique<\/strong><\/a> :<\/p>\n\n\n\n<ul><li>Proteinna<\/li><li>Maricela Nahuat Tun<\/li><li>CESUC<\/li><li>Dario Guti\u00e9rrez Rueda &amp; Julia Anaid Noh Pedraza<\/li><li>Luum Ayni<\/li><\/ul>\n<\/div>\n\n\n\n<div class=\"wp-block-uagb-column uagb-column__wrap uagb-column__background-undefined uagb-block-1ce55919\"><div class=\"uagb-column__overlay\"><\/div>\n<p><strong><a href=\"https:\/\/biomimicry.eu\/forets\/haiti\/\">Ha\u00efti<\/a><\/strong> :<\/p>\n\n\n\n<ul><li>CEFEDEC<\/li><li>EDGE<\/li><li>OPAPAM<\/li><li>Sadhana Forest &#8211; Haiti<\/li><li>OPASCAR<\/li><\/ul>\n<\/div>\n\n\n\n<div class=\"wp-block-uagb-column uagb-column__wrap uagb-column__background-undefined uagb-block-dbd760ac\"><div class=\"uagb-column__overlay\"><\/div><\/div>\n<\/div><\/section>\n\n\n\n<p><\/p>\n<\/div><\/section>\n\n\n\n<hr class=\"wp-block-separator is-style-default\"\/>\n\n\n\n<p><\/p>\n","protected":false},"excerpt":{"rendered":"","protected":false},"author":1,"featured_media":0,"parent":0,"menu_order":0,"comment_status":"closed","ping_status":"closed","template":"","meta":{"_uag_custom_page_level_css":"","site-sidebar-layout":"default","site-content-layout":"page-builder","ast-site-content-layout":"full-width-container","site-content-style":"unboxed","site-sidebar-style":"unboxed","ast-global-header-display":"","ast-banner-title-visibility":"","ast-main-header-display":"","ast-hfb-above-header-display":"","ast-hfb-below-header-display":"","ast-hfb-mobile-header-display":"","site-post-title":"disabled","ast-breadcrumbs-content":"","ast-featured-img":"","footer-sml-layout":"","theme-transparent-header-meta":"default","adv-header-id-meta":"","stick-header-meta":"","header-above-stick-meta":"","header-main-stick-meta":"","header-below-stick-meta":"","astra-migrate-meta-layouts":"set","ast-page-background-enabled":"default","ast-page-background-meta":{"desktop":{"background-color":"var(--ast-global-color-4)","background-image":"","background-repeat":"repeat","background-position":"center center","background-size":"auto","background-attachment":"scroll","background-type":"","background-media":"","overlay-type":"","overlay-color":"","overlay-opacity":"","overlay-gradient":""},"tablet":{"background-color":"","background-image":"","background-repeat":"repeat","background-position":"center center","background-size":"auto","background-attachment":"scroll","background-type":"","background-media":"","overlay-type":"","overlay-color":"","overlay-opacity":"","overlay-gradient":""},"mobile":{"background-color":"","background-image":"","background-repeat":"repeat","background-position":"center center","background-size":"auto","background-attachment":"scroll","background-type":"","background-media":"","overlay-type":"","overlay-color":"","overlay-opacity":"","overlay-gradient":""}},"ast-content-background-meta":{"desktop":{"background-color":"var(--ast-global-color-5)","background-image":"","background-repeat":"repeat","background-position":"center center","background-size":"auto","background-attachment":"scroll","background-type":"","background-media":"","overlay-type":"","overlay-color":"","overlay-opacity":"","overlay-gradient":""},"tablet":{"background-color":"var(--ast-global-color-5)","background-image":"","background-repeat":"repeat","background-position":"center center","background-size":"auto","background-attachment":"scroll","background-type":"","background-media":"","overlay-type":"","overlay-color":"","overlay-opacity":"","overlay-gradient":""},"mobile":{"background-color":"var(--ast-global-color-5)","background-image":"","background-repeat":"repeat","background-position":"center center","background-size":"auto","background-attachment":"scroll","background-type":"","background-media":"","overlay-type":"","overlay-color":"","overlay-opacity":"","overlay-gradient":""}}},"uagb_featured_image_src":{"full":false,"thumbnail":false,"medium":false,"medium_large":false,"large":false,"1536x1536":false,"2048x2048":false},"uagb_author_info":{"display_name":"GestionEtAdminFORETS","author_link":"https:\/\/biomimicry.eu\/forets\/author\/gestionetadminforets\/"},"uagb_comment_info":0,"uagb_excerpt":null,"_links":{"self":[{"href":"https:\/\/biomimicry.eu\/forets\/wp-json\/wp\/v2\/pages\/6763"}],"collection":[{"href":"https:\/\/biomimicry.eu\/forets\/wp-json\/wp\/v2\/pages"}],"about":[{"href":"https:\/\/biomimicry.eu\/forets\/wp-json\/wp\/v2\/types\/page"}],"author":[{"embeddable":true,"href":"https:\/\/biomimicry.eu\/forets\/wp-json\/wp\/v2\/users\/1"}],"replies":[{"embeddable":true,"href":"https:\/\/biomimicry.eu\/forets\/wp-json\/wp\/v2\/comments?post=6763"}],"version-history":[{"count":75,"href":"https:\/\/biomimicry.eu\/forets\/wp-json\/wp\/v2\/pages\/6763\/revisions"}],"predecessor-version":[{"id":7457,"href":"https:\/\/biomimicry.eu\/forets\/wp-json\/wp\/v2\/pages\/6763\/revisions\/7457"}],"wp:attachment":[{"href":"https:\/\/biomimicry.eu\/forets\/wp-json\/wp\/v2\/media?parent=6763"}],"curies":[{"name":"wp","href":"https:\/\/api.w.org\/{rel}","templated":true}]}}