{"id":6475,"date":"2020-09-22T18:37:59","date_gmt":"2020-09-22T16:37:59","guid":{"rendered":"https:\/\/biomimicry.eu\/forets\/?page_id=6475"},"modified":"2020-10-23T13:07:58","modified_gmt":"2020-10-23T11:07:58","slug":"quiero-semillas","status":"publish","type":"page","link":"https:\/\/biomimicry.eu\/forets\/es\/quiero-semillas\/","title":{"rendered":"Quiero semillas"},"content":{"rendered":"\n<section class=\"wp-block-uagb-section uagb-section__wrap uagb-section__background-undefined uagb-block-216c8de6\"><div class=\"uagb-section__overlay\"><\/div><div class=\"uagb-section__inner-wrap\">\n<h2>Quiero semillas<\/h2>\n\n\n\n<p><\/p>\n<\/div><\/section>\n\n\n\n<section class=\"wp-block-uagb-section uagb-section__wrap uagb-section__background-undefined uagb-block-65d6bf94\"><div class=\"uagb-section__overlay\"><\/div><div class=\"uagb-section__inner-wrap\">\n<div style=\"height:40px\" aria-hidden=\"true\" class=\"wp-block-spacer\"><\/div>\n\n\n\n<p><strong>R\u00e9guli\u00e8rement, apr\u00e8s avoir d\u00e9couvert notre programme de reforestation, vous nous demandez des graines de Noyer maya. Bien s\u00fbr nous prenons toujours \u00e7a comme un compliment et une marque d\u2019int\u00e9r\u00eat pour notre programme, et nous vous en remercions du fond du coeur !<\/strong><\/p>\n\n\n\n<p>Cependant, les arbres comme tous les autres \u00eatres vivants, sont adapt\u00e9s \u00e0 des \u00e9cosyst\u00e8mes particuliers. Ils ont des aires de distribution naturelles. Dans ces r\u00e9gions o\u00f9 ils ont pouss\u00e9 et se sont r\u00e9pandus naturellement, les autres \u00eatre vivants s\u2019y sont adapt\u00e9s. Ils sont ainsi des \u00e9l\u00e9ments de leur \u00e9cosyst\u00e8mes, servent d\u2019abris \u00e0 l\u2019un, de nourriture \u00e0 l\u2019autre, etc.<br>Pris hors de leurs \u00e9cosyst\u00e8mes, non seulement ils peuvent ne pas s\u2019adapter, mais surtout les autres organismes autour n\u2019y sont pas adapt\u00e9s.<\/p>\n\n\n\n<blockquote class=\"wp-block-quote is-style-large\"><p>Tout cela est tr\u00e8s bien expliqu\u00e9 par une sp\u00e9cialiste, dans un article grand public du Huffington Post, ici : &#8220;<a rel=\"noreferrer noopener\" href=\"http:\/\/www.huffingtonpost.fr\/lisa-novick\/ce-nest-pas-seulement-par_b_4800131.html?utm_hp_ref=fr-environnement\" target=\"_blank\">Ce n\u2019est pas seulement parce que \u00e7a poussera dans le jardin que vous devriez en planter<\/a>&#8220;<\/p><\/blockquote>\n<\/div><\/section>\n\n\n\n<section class=\"wp-block-uagb-section uagb-section__wrap uagb-section__background-undefined uagb-block-95796fed\"><div class=\"uagb-section__overlay\"><\/div><div class=\"uagb-section__inner-wrap\">\n<p>Pour le<strong> Noyer maya, la r\u00e9gion end\u00e9mique est l\u2019Am\u00e9rique centrale et l\u2019arc cara\u00efbe<\/strong>.<\/p>\n\n\n\n<p><strong>Pour la France m\u00e9tropolitaine : il ne peut donc pas survivre sans \u00eatre \u00e0 l\u2019int\u00e9rieur ou en serre<\/strong> au moins l\u2019hiver. Il pourrait probablement \u00eatre acclimat\u00e9 comme arbuste d\u2019ornement, mais nous ne pouvons nous prononcer sur l\u2019opportunit\u00e9 de l\u2019introduire en France, ce qui est probablement ill\u00e9gal de toute fa\u00e7on. Pour tout ceux vivant hors de la zone tropicale et subtropicale : \u00e0 ce jour nous n\u2019avons pas eu vent d\u2019esp\u00e8ces oxalog\u00e8nes connues\u2026 d\u00e9sol\u00e9s !<\/p>\n\n\n\n<p><strong>Pour ce qui est de le planter dans d\u2019autres r\u00e9gions du monde <\/strong>:&nbsp; nous pensons aussi qu\u2019il est dommage de ne pas chercher des arbres oxalog\u00e8nes end\u00e9miques, avec lesquels vous serez s\u00fbr de ne pas faire de b\u00eatise.<\/p>\n\n\n\n<p>En fait c\u2019est toute la probl\u00e9matique : <strong>en introduisant une esp\u00e8ce loin de son \u00e9cosyst\u00e8me naturel, on ne peut pas faire un geste positif du point de vue de l\u2019\u00e9cosyst\u00e8me<\/strong>. Penser qu\u2019on peut <em>am\u00e9liorer<\/em> un \u00e9cosyst\u00e8me en y ajoutant une nouvelle &#8220;pi\u00e8ce&#8221;\u2026 c\u2019est probablement manquer de connaissances sur l\u2019\u00e9cosyst\u00e8me.<\/p>\n\n\n\n<p>Soit on cause une l\u00e9g\u00e8re alt\u00e9ration qui ne sera dommageable qu\u2019\u00e0 quelques esp\u00e8ces (et leurs symbiotes, parasites, pr\u00e9dateurs\u2026), soit cela va plus loin et <strong>on d\u00e9clenche des r\u00e9actions en cha\u00eenes qui sont totalement hors de notre contr\u00f4le<\/strong> (esp\u00e8ces invasives, d\u00e9placement de niches \u00e9cologiques etc.).<\/p>\n<\/div><\/section>\n\n\n\n<section class=\"wp-block-uagb-section uagb-section__wrap uagb-section__background-color uagb-block-f27cf380\"><div class=\"uagb-section__overlay\"><\/div><div class=\"uagb-section__inner-wrap\">\n<div class=\"wp-block-uagb-info-box uagb-infobox__outer-wrap uagb-block-03fbfb7c\"><div class=\"uagb-infobox__content-wrap uagb-infobox uagb-infobox-has-icon uagb-infobox-icon-left uagb-infobox-left uagb-infobox-stacked-tablet uagb-infobox-image-valign-top uagb-infobox-enable-border-radius \"><div class=\"uagb-ifb-left-right-wrap\"><div class=\"uagb-ifb-image-icon-content uagb-ifb-imgicon-wrap\"><div class=\"uagb-ifb-icon-wrap\"><span class=\"uagb-ifb-icon\"><svg xmlns=\"http:\/\/www.w3.org\/2000\/svg\" viewbox=\"0 0 448 512\"><path d=\"M408.781 128.007C386.356 127.578 368 146.36 368 168.79V256h-8V79.79c0-22.43-18.356-41.212-40.781-40.783C297.488 39.423 280 57.169 280 79v177h-8V40.79C272 18.36 253.644-.422 231.219.007 209.488.423 192 18.169 192 40v216h-8V80.79c0-22.43-18.356-41.212-40.781-40.783C121.488 40.423 104 58.169 104 80v235.992l-31.648-43.519c-12.993-17.866-38.009-21.817-55.877-8.823-17.865 12.994-21.815 38.01-8.822 55.877l125.601 172.705A48 48 0 0 0 172.073 512h197.59c22.274 0 41.622-15.324 46.724-37.006l26.508-112.66a192.011 192.011 0 0 0 5.104-43.975V168c.001-21.831-17.487-39.577-39.218-39.993z\"><\/path><\/svg><\/span><\/div><\/div><div class=\"uagb-ifb-content\"><div class=\"uagb-ifb-title-wrap\"><h3 class=\"uagb-ifb-title\">Conclusion<\/h3><\/div><div class=\"uagb-ifb-text-wrap\"><p class=\"uagb-ifb-desc\"><strong>Donc, pour toutes ces raisons, nous ne conseillons pas d\u2019introduire le Noyer maya autre part que dans son aire de r\u00e9partition naturelle, et nous ne pouvons pas aider les initiatives qui souhaitent le faire.<\/strong><br><strong>Par ailleurs nos moyens limit\u00e9 font que nous ne distribuons pas de graines, \u00e0 part dans les pays o\u00f9 nous travaillons d\u00e9j\u00e0, limit\u00e9s pour l\u2019instant \u00e0 Ha\u00efti et le Mexique.<\/strong><\/p><\/div><\/div><\/div><\/div><\/div>\n<\/div><\/section>\n\n\n\n<hr class=\"wp-block-separator is-style-default\"\/>\n\n\n\n<section class=\"wp-block-uagb-section uagb-section__wrap uagb-section__background-color uagb-block-45dd6032\"><div class=\"uagb-section__overlay\"><\/div><div class=\"uagb-section__inner-wrap\">\n<h2><strong>Nos recommandations<\/strong><\/h2>\n\n\n\n<p>En <strong>Afrique<\/strong>, le mod\u00e8le le plus \u00e9tudi\u00e9 par l\u2019\u00e9quipe de Lausanne est l\u2019Iroko (<em>Milicia excelsa<\/em>). En <strong>Asie<\/strong>, nous avons d\u00e9j\u00e0 plant\u00e9 dans le sud de l\u2019Inde des esp\u00e8ces de la <em>Tropical Dry Evergreen Forest<\/em> telles que <em>Diospyros ferrea, Diospyros ebenum, Diospyros melanoxylon, Diospyros montana. <\/em>En <strong>Am\u00e9rique centrale et Am\u00e9rique du sud (jusqu\u2019au Pantanal en gros)<\/strong>, le Noyer maya est probablement pr\u00e9sent pas loin de vous, il faut donc le chercher sur place.&nbsp;<\/p>\n\n\n\n<p>Il y&nbsp; a probablement beaucoup d\u2019autres arbres oxalog\u00e8nes int\u00e9ressants, demandez nous ou contactez le laboratoire de Biog\u00e9oscience de L\u2019universit\u00e9 de Lausanne si vous avez un projet dans une zone particuli\u00e8re.<\/p>\n\n\n\n<p>En esp\u00e9rant que vous comprendrez\u2026 l\u2019essence du biomim\u00e9tisme est aussi de reconsid\u00e9rer notre positionnement par rapport \u00e0 la nature, dans une posture plus humble que dominatrice, et \u00e9videmment de postuler que chaque \u00e9cosyst\u00e8me a encore beaucoup \u00e0 nous apprendre, avant d\u2019aller le modifier en m\u00e9langeant les esp\u00e8ces venues de partout\u2026<\/p>\n\n\n\n<p>Donc notre conseil est :&nbsp; sortez dans les for\u00eats proches, interrogez les traditions et leur gardiens, parlez avec le vieux ou la vieille sage qui connaissent la for\u00eat du pays, et allez \u00e0 la rencontre des arbres multifonctionnels de votre r\u00e9gion !<\/p>\n<\/div><\/section>\n\n\n\n<p><\/p>\n","protected":false},"excerpt":{"rendered":"","protected":false},"author":1,"featured_media":0,"parent":0,"menu_order":0,"comment_status":"closed","ping_status":"closed","template":"","meta":{"_uag_custom_page_level_css":"","site-sidebar-layout":"no-sidebar","site-content-layout":"page-builder","ast-site-content-layout":"","site-content-style":"default","site-sidebar-style":"default","ast-global-header-display":"","ast-banner-title-visibility":"","ast-main-header-display":"","ast-hfb-above-header-display":"","ast-hfb-below-header-display":"","ast-hfb-mobile-header-display":"","site-post-title":"disabled","ast-breadcrumbs-content":"","ast-featured-img":"disabled","footer-sml-layout":"","theme-transparent-header-meta":"default","adv-header-id-meta":"","stick-header-meta":"","header-above-stick-meta":"","header-main-stick-meta":"","header-below-stick-meta":"","astra-migrate-meta-layouts":"default","ast-page-background-enabled":"default","ast-page-background-meta":{"desktop":{"background-color":"var(--ast-global-color-4)","background-image":"","background-repeat":"repeat","background-position":"center center","background-size":"auto","background-attachment":"scroll","background-type":"","background-media":"","overlay-type":"","overlay-color":"","overlay-opacity":"","overlay-gradient":""},"tablet":{"background-color":"","background-image":"","background-repeat":"repeat","background-position":"center center","background-size":"auto","background-attachment":"scroll","background-type":"","background-media":"","overlay-type":"","overlay-color":"","overlay-opacity":"","overlay-gradient":""},"mobile":{"background-color":"","background-image":"","background-repeat":"repeat","background-position":"center center","background-size":"auto","background-attachment":"scroll","background-type":"","background-media":"","overlay-type":"","overlay-color":"","overlay-opacity":"","overlay-gradient":""}},"ast-content-background-meta":{"desktop":{"background-color":"var(--ast-global-color-5)","background-image":"","background-repeat":"repeat","background-position":"center center","background-size":"auto","background-attachment":"scroll","background-type":"","background-media":"","overlay-type":"","overlay-color":"","overlay-opacity":"","overlay-gradient":""},"tablet":{"background-color":"var(--ast-global-color-5)","background-image":"","background-repeat":"repeat","background-position":"center center","background-size":"auto","background-attachment":"scroll","background-type":"","background-media":"","overlay-type":"","overlay-color":"","overlay-opacity":"","overlay-gradient":""},"mobile":{"background-color":"var(--ast-global-color-5)","background-image":"","background-repeat":"repeat","background-position":"center center","background-size":"auto","background-attachment":"scroll","background-type":"","background-media":"","overlay-type":"","overlay-color":"","overlay-opacity":"","overlay-gradient":""}}},"uagb_featured_image_src":{"full":false,"thumbnail":false,"medium":false,"medium_large":false,"large":false,"1536x1536":false,"2048x2048":false},"uagb_author_info":{"display_name":"GestionEtAdminFORETS","author_link":"https:\/\/biomimicry.eu\/forets\/author\/gestionetadminforets\/"},"uagb_comment_info":0,"uagb_excerpt":null,"_links":{"self":[{"href":"https:\/\/biomimicry.eu\/forets\/wp-json\/wp\/v2\/pages\/6475"}],"collection":[{"href":"https:\/\/biomimicry.eu\/forets\/wp-json\/wp\/v2\/pages"}],"about":[{"href":"https:\/\/biomimicry.eu\/forets\/wp-json\/wp\/v2\/types\/page"}],"author":[{"embeddable":true,"href":"https:\/\/biomimicry.eu\/forets\/wp-json\/wp\/v2\/users\/1"}],"replies":[{"embeddable":true,"href":"https:\/\/biomimicry.eu\/forets\/wp-json\/wp\/v2\/comments?post=6475"}],"version-history":[{"count":1,"href":"https:\/\/biomimicry.eu\/forets\/wp-json\/wp\/v2\/pages\/6475\/revisions"}],"predecessor-version":[{"id":6476,"href":"https:\/\/biomimicry.eu\/forets\/wp-json\/wp\/v2\/pages\/6475\/revisions\/6476"}],"wp:attachment":[{"href":"https:\/\/biomimicry.eu\/forets\/wp-json\/wp\/v2\/media?parent=6475"}],"curies":[{"name":"wp","href":"https:\/\/api.w.org\/{rel}","templated":true}]}}