{"id":6411,"date":"2020-05-07T21:53:21","date_gmt":"2020-05-07T19:53:21","guid":{"rendered":"https:\/\/biomimicry.eu\/forets\/?page_id=6411"},"modified":"2020-10-23T11:21:02","modified_gmt":"2020-10-23T09:21:02","slug":"equipo","status":"publish","type":"page","link":"https:\/\/biomimicry.eu\/forets\/es\/equipo\/","title":{"rendered":"Equipo"},"content":{"rendered":"\n<section class=\"wp-block-uagb-section uagb-section__wrap uagb-section__background-undefined uagb-block-29219ece\"><div class=\"uagb-section__overlay\"><\/div><div class=\"uagb-section__inner-wrap\">\n<h2>Equipo<\/h2>\n\n\n\n<p><\/p>\n<\/div><\/section>\n\n\n\n<section class=\"wp-block-uagb-section uagb-section__wrap uagb-section__background-undefined uagb-block-13be8769\"><div class=\"uagb-section__overlay\"><\/div><div class=\"uagb-section__inner-wrap\">\n<p class=\"has-text-align-left has-medium-font-size\">Outre tous les partenaires terrain que vous pouvez d\u00e9couvrir sur chacune des pages &#8220;Pays&#8221; de notre site, et le bureau de notre association, notre \u00e9quipe se compose de deux coordinateurs et de plusieurs volontaires. Nous les remercions pour leur engagement pr\u00e9cieux.<\/p>\n\n\n\n<div class=\"wp-block-uagb-info-box uagb-infobox__outer-wrap uagb-block-e8ee2584\"><div class=\"uagb-infobox__content-wrap uagb-infobox uagb-infobox-has-icon uagb-infobox-icon-left uagb-infobox-left uagb-infobox-stacked-tablet uagb-infobox-image-valign-top uagb-infobox-enable-border-radius \"><div class=\"uagb-ifb-left-right-wrap\"><div class=\"uagb-ifb-image-icon-content uagb-ifb-imgicon-wrap\"><div class=\"uagb-ifb-icon-wrap\"><span class=\"uagb-ifb-icon\"><svg xmlns=\"http:\/\/www.w3.org\/2000\/svg\" viewbox=\"0 0 512 512\"><path d=\"M512 199.652c0 23.625-20.65 43.826-44.8 43.826h-99.851c16.34 17.048 18.346 49.766-6.299 70.944 14.288 22.829 2.147 53.017-16.45 62.315C353.574 425.878 322.654 448 272 448c-2.746 0-13.276-.203-16-.195-61.971.168-76.894-31.065-123.731-38.315C120.596 407.683 112 397.599 112 385.786V214.261l.002-.001c.011-18.366 10.607-35.889 28.464-43.845 28.886-12.994 95.413-49.038 107.534-77.323 7.797-18.194 21.384-29.084 40-29.092 34.222-.014 57.752 35.098 44.119 66.908-3.583 8.359-8.312 16.67-14.153 24.918H467.2c23.45 0 44.8 20.543 44.8 43.826zM96 200v192c0 13.255-10.745 24-24 24H24c-13.255 0-24-10.745-24-24V200c0-13.255 10.745-24 24-24h48c13.255 0 24 10.745 24 24zM68 368c0-11.046-8.954-20-20-20s-20 8.954-20 20 8.954 20 20 20 20-8.954 20-20z\"><\/path><\/svg><\/span><\/div><\/div><div class=\"uagb-ifb-content\"><div class=\"uagb-ifb-title-wrap\"><\/div><div class=\"uagb-ifb-text-wrap\"><p class=\"uagb-ifb-desc\">Envie de nous rejoindre pour contribuer au programme ? <br>Contactez-nous, nous serons plus qu&#8217;heureux d&#8217;accueillir de nouveaux profils enthousiastes.<\/p><\/div><\/div><\/div><\/div><\/div>\n\n\n\n<p><\/p>\n<\/div><\/section>\n\n\n\n<hr class=\"wp-block-separator is-style-default\"\/>\n\n\n\n<section class=\"wp-block-uagb-section uagb-section__wrap uagb-section__background-undefined uagb-block-ba9839c8\"><div class=\"uagb-section__overlay\"><\/div><div class=\"uagb-section__inner-wrap\">\n<h3 class=\"has-text-align-left\">Bureau<\/h3>\n\n\n\n<ul><li><strong>Pr\u00e9sident :<\/strong>  Phillippe Desbrosses<\/li><li><strong>S\u00e9cretaire :<\/strong>  Tarik Chekchak<\/li><li><strong>Tr\u00e9sorier :<\/strong>  Fran\u00e7ois Plessis<\/li><\/ul>\n\n\n\n<p><\/p>\n<\/div><\/section>\n\n\n\n<hr class=\"wp-block-separator is-style-default\"\/>\n\n\n\n<section class=\"wp-block-uagb-section uagb-section__wrap uagb-section__background-undefined uagb-block-c062db78\"><div class=\"uagb-section__overlay\"><\/div><div class=\"uagb-section__inner-wrap\">\n<h3 class=\"has-text-align-left\">Coordinateurs<\/h3>\n\n\n\n<div class=\"wp-block-uagb-info-box uagb-infobox__outer-wrap uagb-block-8c2ce9c3\"><div class=\"uagb-infobox__content-wrap uagb-infobox uagb-infobox-has-image uagb-infobox-icon-left uagb-infobox-left uagb-infobox-stacked-tablet uagb-infobox-image-valign-top uagb-infobox-enable-border-radius \"><div class=\"uagb-ifb-left-right-wrap\"><div class=\"uagb-ifb-image-icon-content uagb-ifb-imgicon-wrap\"><div class=\"uagb-ifb-image\"><div class=\"uagb-ifb-image-content\"><img class=\"\" src=\"https:\/\/biomimicry.eu\/forets\/wp-content\/uploads\/2020\/07\/DanielRodary.jpg\" alt=\"\"\/><\/div><\/div><\/div><div class=\"uagb-ifb-content\"><div class=\"uagb-ifb-title-wrap\"><span class=\"uagb-ifb-title-prefix\">Coordinateur g\u00e9n\u00e9ral &amp; Ha\u00efti<\/span><h5 class=\"uagb-ifb-title\">Daniel Rodary<\/h5><\/div><div class=\"uagb-ifb-text-wrap\"><p class=\"uagb-ifb-desc\">\u00c9cologiste, biomim\u00e9ticien, permaculteur. Chez Biomimicry depuis 2009 et For\u00eats Communes depuis 2010. Daniel faisait partie de l&#8217;\u00e9quipe fondatrice de For\u00eats Communes (anciennement Arbres Sauveurs) et a coordonn\u00e9 le projet en Ha\u00efti d\u00e8s ses d\u00e9buts, ainsi que la partie indienne. R\u00e9sidant actuellement en Inde du Sud, Daniel s&#8217;implique aussi sur des projets de reforestation et restauration de zones naturelles, dans une ferme en permaculture, et avec le mouvement de Deep Adaptation.<\/p><\/div><\/div><\/div><\/div><\/div>\n\n\n\n<div style=\"height:30px\" aria-hidden=\"true\" class=\"wp-block-spacer\"><\/div>\n\n\n\n<div class=\"wp-block-uagb-info-box uagb-infobox__outer-wrap uagb-block-9109a79f\"><div class=\"uagb-infobox__content-wrap uagb-infobox uagb-infobox-has-image uagb-infobox-icon-left uagb-infobox-left uagb-infobox-stacked-tablet uagb-infobox-image-valign-top uagb-infobox-enable-border-radius \"><div class=\"uagb-ifb-left-right-wrap\"><div class=\"uagb-ifb-image-icon-content uagb-ifb-imgicon-wrap\"><div class=\"uagb-ifb-image\"><div class=\"uagb-ifb-image-content\"><img class=\"\" src=\"https:\/\/biomimicry.eu\/forets\/wp-content\/uploads\/2020\/07\/PortraitPhoto-RoxPlants.jpg\" alt=\"\"\/><\/div><\/div><\/div><div class=\"uagb-ifb-content\"><div class=\"uagb-ifb-title-wrap\"><span class=\"uagb-ifb-title-prefix\">Coordinatrice Mexique<\/span><h5 class=\"uagb-ifb-title\">Lauren Salm<\/h5><\/div><div class=\"uagb-ifb-text-wrap\"><p class=\"uagb-ifb-desc\">Consultante, coordinatrice projet et artiste peintre. Chez Biomimicry Europa et For\u00eats Communes depuis 2016. Elle a mis en place la partie mexicaine du programme et la g\u00e8re depuis.\u202f Avant de s&#8217;installer en France en 2018, Lauren a v\u00e9cu pendant 3 ans au Yucatan, o\u00f9 elle a d\u00e9couvert les nombreux avantages du noyer maya. Lauren croit fermement \u00e0 l\u2019entrecroisement de la nature et de la culture, et travaille \u00e0 d\u00e9velopper les activit\u00e9s artistiques et \u00e9ducatives de For\u00eats Communes et d&#8217;autres organisations.<\/p><\/div><\/div><\/div><\/div><\/div>\n<\/div><\/section>\n\n\n\n<hr class=\"wp-block-separator is-style-default\"\/>\n\n\n\n<section class=\"wp-block-uagb-section uagb-section__wrap uagb-section__background-undefined uagb-block-746d9f32\"><div class=\"uagb-section__overlay\"><\/div><div class=\"uagb-section__inner-wrap\">\n<h3 class=\"has-text-align-left\">Volontaires long-terme<\/h3>\n\n\n\n<div class=\"wp-block-uagb-info-box uagb-infobox__outer-wrap uagb-block-c20976c6\"><div class=\"uagb-infobox__content-wrap uagb-infobox uagb-infobox-has-image uagb-infobox-icon-left uagb-infobox-left uagb-infobox-stacked-tablet uagb-infobox-image-valign-top uagb-infobox-enable-border-radius \"><div class=\"uagb-ifb-left-right-wrap\"><div class=\"uagb-ifb-image-icon-content uagb-ifb-imgicon-wrap\"><div class=\"uagb-ifb-image\"><div class=\"uagb-ifb-image-content\"><img class=\"\" src=\"https:\/\/biomimicry.eu\/forets\/wp-content\/uploads\/2020\/07\/chloelequette2-e1595876513924-300x264.jpg\" alt=\"\"\/><\/div><\/div><\/div><div class=\"uagb-ifb-content\"><div class=\"uagb-ifb-title-wrap\"><h5 class=\"uagb-ifb-title\">Chlo\u00e9 Lequette<\/h5><\/div><div class=\"uagb-ifb-text-wrap\"><p class=\"uagb-ifb-desc\">Designer, biomim\u00e9ticienne &amp; illustratice. Membre active de Biomimicry Europa depuis 2013, elle a \u00e9t\u00e9 coordinatrice Ha\u00efti &amp; designer pour For\u00eats Communes de 2015 \u00e0 2018. Elle travaille maintenant principalement avec un partenaire de longue date, <a rel=\"noreferrer noopener\" href=\"http:\/\/ceebios.com\/\" target=\"_blank\">Ceebios<\/a>. Chlo\u00e9 soutient toujours le programme dans son temps libre, en particulier au niveau design et avec ce nouveau site web pour nous.<\/p><\/div><\/div><\/div><\/div><\/div>\n\n\n\n<div style=\"height:30px\" aria-hidden=\"true\" class=\"wp-block-spacer\"><\/div>\n\n\n\n<div class=\"wp-block-uagb-info-box uagb-infobox__outer-wrap uagb-block-354a8a3f\"><div class=\"uagb-infobox__content-wrap uagb-infobox uagb-infobox-has-image uagb-infobox-icon-left uagb-infobox-left uagb-infobox-stacked-tablet uagb-infobox-image-valign-top uagb-infobox-enable-border-radius \"><div class=\"uagb-ifb-left-right-wrap\"><div class=\"uagb-ifb-image-icon-content uagb-ifb-imgicon-wrap\"><div class=\"uagb-ifb-image\"><div class=\"uagb-ifb-image-content\"><img class=\"\" src=\"https:\/\/biomimicry.eu\/forets\/wp-content\/uploads\/2020\/07\/francoisplessis.jpg\" alt=\"\"\/><\/div><\/div><\/div><div class=\"uagb-ifb-content\"><div class=\"uagb-ifb-title-wrap\"><span class=\"uagb-ifb-title-prefix\">Tr\u00e9sorier<\/span><h5 class=\"uagb-ifb-title\">Fran\u00e7ois Plessis<\/h5><\/div><div class=\"uagb-ifb-text-wrap\"><p class=\"uagb-ifb-desc\">Coordinateur, traducteur-interpr\u00e8te, passionn\u00e9 de cultures, d&#8217;agroforesterie et de r\u00e9flexions li\u00e9es \u00e0 l&#8217;autosuffisance des populations, Fran\u00e7ois a rejoint  l&#8217;association en 2019 en tant que tr\u00e9sorier et b\u00e9n\u00e9vole plus largement. Il anime les r\u00e9unions de pilotage et participe \u00e0 l&#8217;organisation administrative de l&#8217;association.<\/p><\/div><\/div><\/div><\/div><\/div>\n<\/div><\/section>\n\n\n\n<p><\/p>\n","protected":false},"excerpt":{"rendered":"","protected":false},"author":1,"featured_media":0,"parent":0,"menu_order":0,"comment_status":"closed","ping_status":"closed","template":"","meta":{"_uag_custom_page_level_css":"","site-sidebar-layout":"no-sidebar","site-content-layout":"page-builder","ast-site-content-layout":"full-width-container","site-content-style":"unboxed","site-sidebar-style":"unboxed","ast-global-header-display":"","ast-banner-title-visibility":"","ast-main-header-display":"","ast-hfb-above-header-display":"","ast-hfb-below-header-display":"","ast-hfb-mobile-header-display":"","site-post-title":"disabled","ast-breadcrumbs-content":"","ast-featured-img":"disabled","footer-sml-layout":"","theme-transparent-header-meta":"default","adv-header-id-meta":"","stick-header-meta":"","header-above-stick-meta":"","header-main-stick-meta":"","header-below-stick-meta":"","astra-migrate-meta-layouts":"set","ast-page-background-enabled":"default","ast-page-background-meta":{"desktop":{"background-color":"var(--ast-global-color-4)","background-image":"","background-repeat":"repeat","background-position":"center center","background-size":"auto","background-attachment":"scroll","background-type":"","background-media":"","overlay-type":"","overlay-color":"","overlay-opacity":"","overlay-gradient":""},"tablet":{"background-color":"","background-image":"","background-repeat":"repeat","background-position":"center center","background-size":"auto","background-attachment":"scroll","background-type":"","background-media":"","overlay-type":"","overlay-color":"","overlay-opacity":"","overlay-gradient":""},"mobile":{"background-color":"","background-image":"","background-repeat":"repeat","background-position":"center center","background-size":"auto","background-attachment":"scroll","background-type":"","background-media":"","overlay-type":"","overlay-color":"","overlay-opacity":"","overlay-gradient":""}},"ast-content-background-meta":{"desktop":{"background-color":"var(--ast-global-color-5)","background-image":"","background-repeat":"repeat","background-position":"center center","background-size":"auto","background-attachment":"scroll","background-type":"","background-media":"","overlay-type":"","overlay-color":"","overlay-opacity":"","overlay-gradient":""},"tablet":{"background-color":"var(--ast-global-color-5)","background-image":"","background-repeat":"repeat","background-position":"center center","background-size":"auto","background-attachment":"scroll","background-type":"","background-media":"","overlay-type":"","overlay-color":"","overlay-opacity":"","overlay-gradient":""},"mobile":{"background-color":"var(--ast-global-color-5)","background-image":"","background-repeat":"repeat","background-position":"center center","background-size":"auto","background-attachment":"scroll","background-type":"","background-media":"","overlay-type":"","overlay-color":"","overlay-opacity":"","overlay-gradient":""}}},"uagb_featured_image_src":{"full":false,"thumbnail":false,"medium":false,"medium_large":false,"large":false,"1536x1536":false,"2048x2048":false},"uagb_author_info":{"display_name":"GestionEtAdminFORETS","author_link":"https:\/\/biomimicry.eu\/forets\/author\/gestionetadminforets\/"},"uagb_comment_info":0,"uagb_excerpt":null,"_links":{"self":[{"href":"https:\/\/biomimicry.eu\/forets\/wp-json\/wp\/v2\/pages\/6411"}],"collection":[{"href":"https:\/\/biomimicry.eu\/forets\/wp-json\/wp\/v2\/pages"}],"about":[{"href":"https:\/\/biomimicry.eu\/forets\/wp-json\/wp\/v2\/types\/page"}],"author":[{"embeddable":true,"href":"https:\/\/biomimicry.eu\/forets\/wp-json\/wp\/v2\/users\/1"}],"replies":[{"embeddable":true,"href":"https:\/\/biomimicry.eu\/forets\/wp-json\/wp\/v2\/comments?post=6411"}],"version-history":[{"count":2,"href":"https:\/\/biomimicry.eu\/forets\/wp-json\/wp\/v2\/pages\/6411\/revisions"}],"predecessor-version":[{"id":6420,"href":"https:\/\/biomimicry.eu\/forets\/wp-json\/wp\/v2\/pages\/6411\/revisions\/6420"}],"wp:attachment":[{"href":"https:\/\/biomimicry.eu\/forets\/wp-json\/wp\/v2\/media?parent=6411"}],"curies":[{"name":"wp","href":"https:\/\/api.w.org\/{rel}","templated":true}]}}