{"id":5103,"date":"2019-06-11T06:14:08","date_gmt":"2019-06-11T04:14:08","guid":{"rendered":"http:\/\/biomimicry.eu\/forets\/about-me\/"},"modified":"2025-05-15T15:40:57","modified_gmt":"2025-05-15T13:40:57","slug":"le-programme","status":"publish","type":"page","link":"https:\/\/biomimicry.eu\/forets\/le-programme\/","title":{"rendered":"Le programme"},"content":{"rendered":"\n<section class=\"wp-block-uagb-section uagb-section__wrap uagb-section__background-image uagb-block-7df1f272\"><div class=\"uagb-section__overlay\"><\/div><div class=\"uagb-section__inner-wrap\">\n<p>..<br><br><br>.<\/p>\n<\/div><\/section>\n\n\n\n<section class=\"wp-block-uagb-section uagb-section__wrap uagb-section__background-undefined uagb-block-6239b039\"><div class=\"uagb-section__overlay\"><\/div><div class=\"uagb-section__inner-wrap\">\n<h2>Le programme en france<\/h2>\n<\/div><\/section>\n\n\n\n<section class=\"wp-block-uagb-section uagb-section__wrap uagb-section__background-undefined uagb-block-2fe67ba4\"><div class=\"uagb-section__overlay\"><\/div><div class=\"uagb-section__inner-wrap\">\n<p>For\u00eats Communes conduit des projets innovants inspir\u00e9s de la permaculture et de l\u2019agroforesterie pour re-v\u00e9g\u00e9taliser les villes, les friches industrielles, les espaces verts des habitats sociaux\u2026 avec dans chaque projet la mobilisation des habitants et des acteurs locaux au c\u0153ur du dispositif. <em><a href=\"https:\/\/biomimicry.eu\/forets\/france\/\" data-type=\"URL\">En savoir plus&#8230;<\/a><\/em><\/p>\n\n\n\n<div class=\"wp-block-uagb-container uagb-block-2ef28070 alignfull uagb-is-root-container\"><div class=\"uagb-container-inner-blocks-wrap\"><\/div><\/div>\n\n\n\n<div class=\"wp-block-image\"><figure class=\"aligncenter size-large is-resized\"><img loading=\"lazy\" src=\"https:\/\/biomimicry.eu\/forets\/wp-content\/uploads\/2025\/04\/Croquis_Enfants_Petits_Fruits-1024x724.png\" alt=\"\" class=\"wp-image-7259\" width=\"512\" height=\"362\" srcset=\"https:\/\/biomimicry.eu\/forets\/wp-content\/uploads\/2025\/04\/Croquis_Enfants_Petits_Fruits-1024x724.png 1024w, https:\/\/biomimicry.eu\/forets\/wp-content\/uploads\/2025\/04\/Croquis_Enfants_Petits_Fruits-300x212.png 300w, https:\/\/biomimicry.eu\/forets\/wp-content\/uploads\/2025\/04\/Croquis_Enfants_Petits_Fruits-768x543.png 768w, https:\/\/biomimicry.eu\/forets\/wp-content\/uploads\/2025\/04\/Croquis_Enfants_Petits_Fruits-1536x1086.png 1536w, https:\/\/biomimicry.eu\/forets\/wp-content\/uploads\/2025\/04\/Croquis_Enfants_Petits_Fruits-2048x1448.png 2048w\" sizes=\"(max-width: 512px) 100vw, 512px\" \/><\/figure><\/div>\n<\/div><\/section>\n\n\n\n<section class=\"wp-block-uagb-section uagb-section__wrap uagb-section__background-undefined uagb-block-abe46e39\"><div class=\"uagb-section__overlay\"><\/div><div class=\"uagb-section__inner-wrap\">\n<div class=\"wp-block-uagb-faq uagb-faq__outer-wrap uagb-block-dc084380 uagb-faq-icon-row uagb-faq-layout-accordion uagb-faq-expand-first-false uagb-faq-inactive-other-true uagb-faq__wrap uagb-buttons-layout-wrap uagb-faq-equal-height\" data-faqtoggle=\"true\" role=\"tablist\">\n<div class=\"wp-block-uagb-faq-child uagb-faq-child__outer-wrap uagb-faq-item uagb-block-b5c4d478\" role=\"tab\" tabindex=\"0\"><div class=\"uagb-faq-questions-button uagb-faq-questions\"><span class=\"uagb-icon uagb-faq-icon-wrap\"><svg xmlns=\"https:\/\/www.w3.org\/2000\/svg\" viewbox=\"0 0 448 512\"><path d=\"M432 256c0 17.69-14.33 32.01-32 32.01H256v144c0 17.69-14.33 31.99-32 31.99s-32-14.3-32-31.99v-144H48c-17.67 0-32-14.32-32-32.01s14.33-31.99 32-31.99H192v-144c0-17.69 14.33-32.01 32-32.01s32 14.32 32 32.01v144h144C417.7 224 432 238.3 432 256z\"><\/path><\/svg><\/span><span class=\"uagb-icon-active uagb-faq-icon-wrap\"><svg xmlns=\"https:\/\/www.w3.org\/2000\/svg\" viewbox=\"0 0 448 512\"><path d=\"M400 288h-352c-17.69 0-32-14.32-32-32.01s14.31-31.99 32-31.99h352c17.69 0 32 14.3 32 31.99S417.7 288 400 288z\"><\/path><\/svg><\/span><span class=\"uagb-question\"><strong>Le programme \u00e0 l&#8217;\u00e9tranger<\/strong><\/span><\/div><p class=\"uagb-faq-content\"><strong>Dans les pays tropicaux, l&#8217;association <em>For\u00eats Communes<\/em><\/strong> <strong>d\u00e9veloppe des projets de reforestation et d&#8217;agroforesterie centr\u00e9s sur les arbres multifonctionnels, qui b\u00e9n\u00e9ficient aux populations locales, \u00e0 l&#8217;environnement et \u00e0 l&#8217;att\u00e9nuation du changement climatique<\/strong>. <br><br>Nous sommes convaincus que les arbres sont une source de multiples b\u00e9n\u00e9fices pour les humains et la nature. Nous travaillons \u00e0 les r\u00e9int\u00e9grer l\u00e0 o\u00f9 ils manquent, en lien avec des principes de l&#8217;<strong>agriculture vivri\u00e8re<\/strong>, pour aider les populations \u00e0 regagner leur souverainet\u00e9 alimentaire.<br><br>Nous nous focalisons sur des <strong>arbres multifonctionnels<\/strong> (nourriciers, fertilisants, r\u00e9sistant \u00e0 la s\u00e9cheresse) et en particulier avec certains arbres \u00e9tonnants : les <strong>arbres oxalog\u00e8nes<\/strong>. Uniques au monde, ces arbres s\u00e9questrent le carbone dans leur bois, mais aussi sous forme de calcaire dans le sol en symbiose avec des champignons et des bact\u00e9ries, le fixant l\u00e0 pour 10 \u00e0 100 000 ans !<br><br>De part ses qualit\u00e9s, le <strong>noyer maya<\/strong> (<em>Brosimum alicastrum<\/em>) est devenu l&#8217;un des piliers de notre programme dans les pays tropicaux. Pr\u00e9sent sur la ceinture carib\u00e9enne, il produit des noix tr\u00e8s nutritives et faciles \u00e0 conserver. Son fourrage augmente la lactation du b\u00e9tail, il r\u00e9siste bien \u00e0 la s\u00e9cheresse, fait un excellent couvert v\u00e9g\u00e9tal et est capable de vivre pr\u00e8s de 1 000 ans&#8230;<br><\/p><\/div>\n\n\n\n<div class=\"wp-block-uagb-faq-child uagb-faq-child__outer-wrap uagb-faq-item uagb-block-a9f2336c\" role=\"tab\" tabindex=\"0\"><div class=\"uagb-faq-questions-button uagb-faq-questions\"><span class=\"uagb-icon uagb-faq-icon-wrap\"><svg xmlns=\"https:\/\/www.w3.org\/2000\/svg\" viewbox=\"0 0 448 512\"><path d=\"M432 256c0 17.69-14.33 32.01-32 32.01H256v144c0 17.69-14.33 31.99-32 31.99s-32-14.3-32-31.99v-144H48c-17.67 0-32-14.32-32-32.01s14.33-31.99 32-31.99H192v-144c0-17.69 14.33-32.01 32-32.01s32 14.32 32 32.01v144h144C417.7 224 432 238.3 432 256z\"><\/path><\/svg><\/span><span class=\"uagb-icon-active uagb-faq-icon-wrap\"><svg xmlns=\"https:\/\/www.w3.org\/2000\/svg\" viewbox=\"0 0 448 512\"><path d=\"M400 288h-352c-17.69 0-32-14.32-32-32.01s14.31-31.99 32-31.99h352c17.69 0 32 14.3 32 31.99S417.7 288 400 288z\"><\/path><\/svg><\/span><span class=\"uagb-question\"><strong>A l&#8217;origine, une recherche appliqu\u00e9e<\/strong><\/span><\/div><p class=\"uagb-faq-content\"><strong>Le programme initial a \u00e9t\u00e9 fond\u00e9 en 2010 par l&#8217;association <a href=\"https:\/\/biomimicry.eu\/\">Biomimicry Europa<\/a>, r\u00e9sultat d\u2019une collaboration entre biomim\u00e9ticiens et chercheurs \u00e9tudiant les arbres oxalog\u00e8nes.<\/strong><br><br>Parmi les fondateurs : Gauthier Chapelle, Rapha\u00ebl Stevens, Tarik Chekchak, Caroline Zaoui, Karim Lapp, Ga\u00e9tan Dartevelle, Kalina Raskin et Daniel Rodary, en collaboration avec Eric Verrecchia de l\u2019universit\u00e9 de Lausanne, d\u00e9couvreur des arbres oxalog\u00e8nes (laboratoire de <a href=\"https:\/\/applicationspub.unil.ch\/interpub\/noauth\/php\/Un\/UnPers.php?PerNum=1054665&amp;LanCode=37\">Eric Verrecchia<\/a> de l\u2019<a href=\"https:\/\/www.unil.ch\/index.html\">Universit\u00e9 de Lausanne<\/a> en Suisse).<br><br>Ayant d\u00e9couvert ces arbres lors du programme <a href=\"https:\/\/cordis.europa.eu\/project\/id\/226306\/fr\">CO2SolStock<\/a>, les fondateurs ont souhait\u00e9 appliquer leur recherche sur le terrain, dans des projets d&#8217;agroforesterie tirant profit des propri\u00e9t\u00e9s de ces arbres remarquables.<\/p><\/div>\n\n\n\n<div class=\"wp-block-uagb-faq-child uagb-faq-child__outer-wrap uagb-faq-item uagb-block-32743890\" role=\"tab\" tabindex=\"0\"><div class=\"uagb-faq-questions-button uagb-faq-questions\"><span class=\"uagb-icon uagb-faq-icon-wrap\"><svg xmlns=\"https:\/\/www.w3.org\/2000\/svg\" viewbox=\"0 0 448 512\"><path d=\"M432 256c0 17.69-14.33 32.01-32 32.01H256v144c0 17.69-14.33 31.99-32 31.99s-32-14.3-32-31.99v-144H48c-17.67 0-32-14.32-32-32.01s14.33-31.99 32-31.99H192v-144c0-17.69 14.33-32.01 32-32.01s32 14.32 32 32.01v144h144C417.7 224 432 238.3 432 256z\"><\/path><\/svg><\/span><span class=\"uagb-icon-active uagb-faq-icon-wrap\"><svg xmlns=\"https:\/\/www.w3.org\/2000\/svg\" viewbox=\"0 0 448 512\"><path d=\"M400 288h-352c-17.69 0-32-14.32-32-32.01s14.31-31.99 32-31.99h352c17.69 0 32 14.3 32 31.99S417.7 288 400 288z\"><\/path><\/svg><\/span><span class=\"uagb-question\"><strong>Le biomim\u00e9tisme comme base<\/strong><\/span><\/div><p class=\"uagb-faq-content\"><strong>Le biomim\u00e9tisme, formalis\u00e9 par la naturaliste am\u00e9ricaine Janine Benyus (aussi fondatrice de notre association), est l&#8217;innovation inspir\u00e9e par le monde vivant pour concevoir des modes d&#8217;existence, de consommation et de production durables, c&#8217;est-\u00e0-dire capables de perdurer sans d\u00e9grader les conditions de vie sur la plan\u00e8te.<br><br><\/strong>Le biomim\u00e9tisme est tr\u00e8s proche de la permaculture, qui cherche \u00e0 cr\u00e9er un mode d&#8217;<em>agriculture permanente<\/em>. A cette agriculture biologique, sans apport ext\u00e9rieur au terrain consid\u00e9r\u00e9 et ancr\u00e9e dans un temps long, le biomim\u00e9tisme ajoute l&#8217;observation des \u00e9cosyst\u00e8mes matures, complexes et tr\u00e8s productifs.<br><br>Cette observation permet alors de rep\u00e9rer les fonctionnalit\u00e9s \u00e9cologiques. A titre d&#8217;exemple, seuls les champignons d\u00e9gradent la lignine du bois, ce qui en fait les uniques \u00e9l\u00e9ments pouvant remplir cette fonction. Les buissons, par leur taille, cr\u00e9ent des micro-climats localis\u00e9s. Les couvre-sols le prot\u00e8gent avec sa faune et gardent l&#8217;eau.<br><br>Les \u00e9cosyst\u00e8mes les plus productifs sont des syst\u00e8mes de grande complexit\u00e9 : les boucles de production et recyclages se croisent et s&#8217;imbriquent dans le temps (multiples cycles au cours de l&#8217;ann\u00e9e) et dans l&#8217;espace (cycles ultra-locaux ou r\u00e9gionaux). Or, nos syst\u00e8mes agricoles sont souvent tr\u00e8s pauvres, avec une seule esp\u00e8ce de plante cultiv\u00e9e sur toute l&#8217;ann\u00e9e. Le biomim\u00e9tisme nous montre comment l&#8217;augmentation, m\u00eame modeste, de la complexit\u00e9 de nos syst\u00e8mes permet d&#8217;en accro\u00eetre la production et la r\u00e9silience.<\/p><\/div>\n\n\n\n<div class=\"wp-block-uagb-faq-child uagb-faq-child__outer-wrap uagb-faq-item uagb-block-1cd4521b\" role=\"tab\" tabindex=\"0\"><div class=\"uagb-faq-questions-button uagb-faq-questions\"><span class=\"uagb-icon uagb-faq-icon-wrap\"><svg xmlns=\"https:\/\/www.w3.org\/2000\/svg\" viewbox=\"0 0 448 512\"><path d=\"M432 256c0 17.69-14.33 32.01-32 32.01H256v144c0 17.69-14.33 31.99-32 31.99s-32-14.3-32-31.99v-144H48c-17.67 0-32-14.32-32-32.01s14.33-31.99 32-31.99H192v-144c0-17.69 14.33-32.01 32-32.01s32 14.32 32 32.01v144h144C417.7 224 432 238.3 432 256z\"><\/path><\/svg><\/span><span class=\"uagb-icon-active uagb-faq-icon-wrap\"><svg xmlns=\"https:\/\/www.w3.org\/2000\/svg\" viewbox=\"0 0 448 512\"><path d=\"M400 288h-352c-17.69 0-32-14.32-32-32.01s14.31-31.99 32-31.99h352c17.69 0 32 14.3 32 31.99S417.7 288 400 288z\"><\/path><\/svg><\/span><span class=\"uagb-question\"><strong>Arbres multifonctionnels et souverainet\u00e9 alimentaire<\/strong><\/span><\/div><p class=\"uagb-faq-content\"><em>&#8220;Un <strong>arbre oxalog\u00e8ne<\/strong> forme des ions d&#8217;oxalate qui, au niveau du sol, en symbioses bact\u00e9rio-fongiques, forment du carbonate de calcium, l&#8217;une des formes les plus durables de puits de carbone. Les propri\u00e9t\u00e9s de ce type d&#8217;arbres ont \u00e9t\u00e9 d\u00e9couvertes dans les ann\u00e9es 1990 par le biog\u00e9ochimiste Eric Verrecchia.&#8221; <\/em>(source Wikipedia)<br><br>Nous appellons <strong>arbres multifonctionnels<\/strong> des arbres qui sont choisis pour l&#8217;ensemble de leurs fonctions, qui peuvent \u00eatre l&#8217;oxalog\u00e9n\u00e8se, la production de nourriture pour les humains, pour le b\u00e9tail ou la faune sauvage, l&#8217;amendement des sols, la r\u00e9sistance \u00e0 la s\u00e9cheresse, la production de bois, etc.<br><br>Dans les pays tropicaux, les paysans sont les principaux acteurs de l&#8217;\u00e9volution des paysages. Nous avons donc choisi de partir d&#8217;eux, pour s\u00e9lectionner des arbres multifonctionnels locaux et adapt\u00e9s \u00e0 leurs besoins multiples. Cette strat\u00e9gie a \u00e9t\u00e9 un v\u00e9ritable garant social de la p\u00e9rennit\u00e9 et de l&#8217;efficacit\u00e9 des programmes de replantation.<\/p><\/div>\n<\/div>\n\n\n\n<p><\/p>\n<\/div><\/section>\n\n\n\n<section class=\"wp-block-uagb-section uagb-section__wrap uagb-section__background-undefined uagb-block-2eeeffe2\"><div class=\"uagb-section__overlay\"><\/div><div class=\"uagb-section__inner-wrap\">\n<p>D\u00e9couvrez la pr\u00e9sentation de notre programme \u00e0 l&#8217;\u00e9tranger, dans le cadre de la s\u00e9rie documentaire <a href=\"https:\/\/www.youtube.com\/channel\/UCghmtdCHpMUYkVxg3nC9dlw\">\u201cNature=Futur !\u201d<\/a><\/p>\n\n\n\n<figure class=\"wp-block-embed aligncenter is-type-video is-provider-youtube wp-block-embed-youtube wp-embed-aspect-16-9 wp-has-aspect-ratio\"><div class=\"wp-block-embed__wrapper\">\n<div class=\"ast-oembed-container \" style=\"height: 100%;\"><iframe loading=\"lazy\" title=\"Nature = Futur ! L&#039;arbre sauveur\" width=\"500\" height=\"281\" src=\"https:\/\/www.youtube.com\/embed\/V_Hd4CqhefU?feature=oembed\" frameborder=\"0\" allow=\"accelerometer; autoplay; clipboard-write; encrypted-media; gyroscope; picture-in-picture; web-share\" referrerpolicy=\"strict-origin-when-cross-origin\" allowfullscreen><\/iframe><\/div>\n<\/div><\/figure>\n\n\n\n<p><\/p>\n<\/div><\/section>\n\n\n\n<hr class=\"wp-block-separator is-style-default\"\/>\n\n\n\n<hr class=\"wp-block-separator is-style-default\"\/>\n\n\n\n<section class=\"wp-block-uagb-section uagb-section__wrap uagb-section__background-color uagb-block-51ead06d\"><div class=\"uagb-section__overlay\"><\/div><div class=\"uagb-section__inner-wrap\">\n<section class=\"wp-block-uagb-section uagb-section__wrap uagb-section__background-none uagb-block-e836cdea\"><div class=\"uagb-section__overlay\"><\/div><div class=\"uagb-section__inner-wrap\">\n<h3 class=\"has-text-align-center has-light-green-cyan-color has-text-color\">Pour r\u00e9sumer en quelques points :<\/h3>\n\n\n\n<p class=\"has-vivid-green-cyan-color has-text-color\"><\/p>\n<\/div><\/section>\n\n\n\n<section class=\"wp-block-uagb-columns uagb-columns__wrap uagb-columns__background-none uagb-columns__stack-tablet uagb-columns__valign-center uagb-columns__gap-10 align uagb-block-e68b6a2f uagb-columns__columns-3 uagb-columns__max_width-theme\"><div class=\"uagb-columns__overlay\"><\/div><div class=\"uagb-columns__inner-wrap uagb-columns__columns-3\">\n<div class=\"wp-block-uagb-column uagb-column__wrap uagb-column__background-undefined uagb-block-61590500\"><div class=\"uagb-column__overlay\"><\/div>\n<div class=\"wp-block-uagb-info-box uagb-block-265a7076 uagb-infobox__content-wrap  uagb-infobox-icon-above-title uagb-infobox-image-valign-top\"><div class=\"uagb-ifb-content\"><div class=\"uagb-ifb-title-wrap\"><span class=\"uagb-ifb-title-prefix\">0<span class=\"has-inline-color has-very-light-gray-color\">1<\/span><\/span><h3 class=\"uagb-ifb-title\">Des plants locaux, fruitiers,  diversifi\u00e9s<\/h3><\/div><p class=\"uagb-ifb-desc\">En France, nos plantations incluent facilement 60 esp\u00e8ces, presque toutes  fruiti\u00e8res et locales, pour reconnecter les b\u00e9n\u00e9ficiaires avec les saisons et les fruits de leurs r\u00e9gions.<br><br><br>     <br><\/p><\/div><\/div>\n<\/div>\n\n\n\n<div class=\"wp-block-uagb-column uagb-column__wrap uagb-column__background-undefined uagb-block-0459844a\"><div class=\"uagb-column__overlay\"><\/div>\n<div class=\"wp-block-uagb-info-box uagb-block-16e6d744 uagb-infobox__content-wrap  uagb-infobox-icon-above-title uagb-infobox-image-valign-top\"><div class=\"uagb-ifb-content\"><div class=\"uagb-ifb-title-wrap\"><span class=\"uagb-ifb-title-prefix\">02<\/span><h3 class=\"uagb-ifb-title\"><em>Arbres multi-fonctionnels<\/em><\/h3><\/div><p class=\"uagb-ifb-desc\">En Ha\u00efti et au Mexique , nos arbres sont en majorit\u00e9 fruitiers, donn\u00e9s aux femmes en priorit\u00e9, pour planter dans les jardins et cours et encourager l&#8217;autonomie alimentaire directe et durable.<br><br><br><br><\/p><\/div><\/div>\n<\/div>\n\n\n\n<div class=\"wp-block-uagb-column uagb-column__wrap uagb-column__background-undefined uagb-block-e2d49c59\"><div class=\"uagb-column__overlay\"><\/div>\n<div class=\"wp-block-uagb-info-box uagb-block-f8eeffd4 uagb-infobox__content-wrap  uagb-infobox-icon-above-title uagb-infobox-image-valign-top\"><div class=\"uagb-ifb-content\"><div class=\"uagb-ifb-title-wrap\"><span class=\"uagb-ifb-title-prefix\">03<\/span><h3 class=\"uagb-ifb-title\"><em>Small is beautiful<\/em>, et moins risqu\u00e9<\/h3><\/div><p class=\"uagb-ifb-desc\">Petit programme, quelques arbres par b\u00e9n\u00e9ficiaire, d\u00e9ploy\u00e9 de fa\u00e7on tr\u00e8s distribu\u00e9e, tr\u00e8s &#8220;humaine&#8221;, croissance &#8220;organique&#8221;, avec &gt;50 000 b\u00e9n\u00e9ficiaires, pour qui chaque arbre compte.<br><br><br><\/p><\/div><\/div>\n<\/div>\n<\/div><\/section>\n\n\n\n<section class=\"wp-block-uagb-columns uagb-columns__wrap uagb-columns__background-none uagb-columns__stack-tablet uagb-columns__valign-center uagb-columns__gap-10 align uagb-block-2239a8c1 uagb-columns__columns-3 uagb-columns__max_width-theme\"><div class=\"uagb-columns__overlay\"><\/div><div class=\"uagb-columns__inner-wrap uagb-columns__columns-3\">\n<div class=\"wp-block-uagb-column uagb-column__wrap uagb-column__background-undefined uagb-block-712e164c\"><div class=\"uagb-column__overlay\"><\/div>\n<div class=\"wp-block-uagb-info-box uagb-block-e41a6f88 uagb-infobox__content-wrap  uagb-infobox-icon-above-title uagb-infobox-image-valign-top\"><div class=\"uagb-ifb-content\"><div class=\"uagb-ifb-title-wrap\"><span class=\"uagb-ifb-title-prefix\">04<\/span><h3 class=\"uagb-ifb-title\">Arbres &#8220;oxalog\u00e8nes&#8221;<\/h3><\/div><p class=\"uagb-ifb-desc\">Uniques au monde, ils s\u00e9questrent le carbone dans leur bois, mais aussi sous forme de calcaire dans le sol en symbiose avec des champignons et des bact\u00e9ries, le fixant pour 10 \u00e0 100 000 ans !<br><br><br><br><\/p><\/div><\/div>\n<\/div>\n\n\n\n<div class=\"wp-block-uagb-column uagb-column__wrap uagb-column__background-undefined uagb-block-fdfb7635\"><div class=\"uagb-column__overlay\"><\/div>\n<div class=\"wp-block-uagb-info-box uagb-block-06317db5 uagb-infobox__content-wrap  uagb-infobox-icon-above-title uagb-infobox-image-valign-top\"><div class=\"uagb-ifb-content\"><div class=\"uagb-ifb-title-wrap\"><span class=\"uagb-ifb-title-prefix\">05<\/span><h3 class=\"uagb-ifb-title\">Le noyer Maya&#8230; un de nos piliers<\/h3><\/div><p class=\"uagb-ifb-desc\">Un arbre qui vit 1000 ans, r\u00e9siste \u00e0 la s\u00e9cheresse, oxalog\u00e8ne, adapt\u00e9 localement (Ha\u00efti et Mexique), et dont les noix tr\u00e8s nutritives sont faciles \u00e0 s\u00e9cher et conserver, sont utilisables en sauces, farine, galettes\u2026 et m\u00eame comme du caf\u00e9 ou du chocolat!<br><br><\/p><\/div><\/div>\n<\/div>\n\n\n\n<div class=\"wp-block-uagb-column uagb-column__wrap uagb-column__background-undefined uagb-block-6d22b8bd\"><div class=\"uagb-column__overlay\"><\/div>\n<div class=\"wp-block-uagb-marketing-button uagb-marketing-btn__align-center uagb-marketing-btn__align-text-center uagb-marketing-btn__icon-after uagb-block-0a2bb1ba wp-block-button uagb-marketing-btn__outer-wrap uagb-marketing-btn__icon-before\"><a href=\"https:\/\/biomimicry.eu\/forets\/contact\/\" class=\"uagb-marketing-btn__link wp-block-button__link\" target=\"\" rel=\"noopener noreferrer\"><span class=\"uagb-marketing-btn__title\">En savoir plus ?<\/span><svg xmlns=\"https:\/\/www.w3.org\/2000\/svg\" viewbox=\"0 0 512 512\"><path d=\"M224 320c0 17.69 14.33 32 32 32h64c17.67 0 32-14.31 32-32s-14.33-32-32-32h-64C238.3 288 224 302.3 224 320zM267.6 256H352c17.67 0 32-14.31 32-32s-14.33-32-32-32h-80v40C272 240.5 270.3 248.5 267.6 256zM272 160H480c17.67 0 32-14.31 32-32s-14.33-32-32-32h-208.8C271.5 98.66 272 101.3 272 104V160zM320 416c0-17.69-14.33-32-32-32H224c-17.67 0-32 14.31-32 32s14.33 32 32 32h64C305.7 448 320 433.7 320 416zM202.1 355.8C196 345.6 192 333.3 192 320c0-5.766 1.08-11.24 2.51-16.55C157.4 300.6 128 269.9 128 232V159.1C128 151.2 135.2 144 143.1 144S160 151.2 159.1 159.1l0 69.72C159.1 245.2 171.3 271.1 200 271.1C222.1 271.1 240 254.1 240 232v-128C240 81.91 222.1 64 200 64H136.6C103.5 64 72.03 80 52.47 106.8L26.02 143.2C9.107 166.5 0 194.5 0 223.3V312C0 387.1 60.89 448 136 448h32.88C163.4 438.6 160 427.7 160 416C160 388.1 178 364.6 202.1 355.8z\"><\/path><\/svg><p class=\"uagb-marketing-btn__prefix\">N&#8217;h\u00e9sitez pas \u00e0 nous contacter pour en savoir plus sur les modalit\u00e9s et d\u00e9tails<\/p><\/a><\/div>\n<\/div>\n<\/div><\/section>\n\n\n\n<p><\/p>\n<\/div><\/section>\n\n\n\n<p><\/p>\n","protected":false},"excerpt":{"rendered":"","protected":false},"author":1,"featured_media":0,"parent":0,"menu_order":0,"comment_status":"closed","ping_status":"closed","template":"","meta":{"_uag_custom_page_level_css":"","site-sidebar-layout":"no-sidebar","site-content-layout":"page-builder","ast-site-content-layout":"full-width-container","site-content-style":"unboxed","site-sidebar-style":"unboxed","ast-global-header-display":"","ast-banner-title-visibility":"","ast-main-header-display":"","ast-hfb-above-header-display":"","ast-hfb-below-header-display":"","ast-hfb-mobile-header-display":"","site-post-title":"disabled","ast-breadcrumbs-content":"","ast-featured-img":"disabled","footer-sml-layout":"","theme-transparent-header-meta":"default","adv-header-id-meta":"","stick-header-meta":"","header-above-stick-meta":"","header-main-stick-meta":"","header-below-stick-meta":"","astra-migrate-meta-layouts":"set","ast-page-background-enabled":"default","ast-page-background-meta":{"desktop":{"background-color":"var(--ast-global-color-4)","background-image":"","background-repeat":"repeat","background-position":"center center","background-size":"auto","background-attachment":"scroll","background-type":"","background-media":"","overlay-type":"","overlay-color":"","overlay-opacity":"","overlay-gradient":""},"tablet":{"background-color":"","background-image":"","background-repeat":"repeat","background-position":"center center","background-size":"auto","background-attachment":"scroll","background-type":"","background-media":"","overlay-type":"","overlay-color":"","overlay-opacity":"","overlay-gradient":""},"mobile":{"background-color":"","background-image":"","background-repeat":"repeat","background-position":"center center","background-size":"auto","background-attachment":"scroll","background-type":"","background-media":"","overlay-type":"","overlay-color":"","overlay-opacity":"","overlay-gradient":""}},"ast-content-background-meta":{"desktop":{"background-color":"var(--ast-global-color-5)","background-image":"","background-repeat":"repeat","background-position":"center center","background-size":"auto","background-attachment":"scroll","background-type":"","background-media":"","overlay-type":"","overlay-color":"","overlay-opacity":"","overlay-gradient":""},"tablet":{"background-color":"var(--ast-global-color-5)","background-image":"","background-repeat":"repeat","background-position":"center center","background-size":"auto","background-attachment":"scroll","background-type":"","background-media":"","overlay-type":"","overlay-color":"","overlay-opacity":"","overlay-gradient":""},"mobile":{"background-color":"var(--ast-global-color-5)","background-image":"","background-repeat":"repeat","background-position":"center center","background-size":"auto","background-attachment":"scroll","background-type":"","background-media":"","overlay-type":"","overlay-color":"","overlay-opacity":"","overlay-gradient":""}}},"uagb_featured_image_src":{"full":false,"thumbnail":false,"medium":false,"medium_large":false,"large":false,"1536x1536":false,"2048x2048":false},"uagb_author_info":{"display_name":"GestionEtAdminFORETS","author_link":"https:\/\/biomimicry.eu\/forets\/author\/gestionetadminforets\/"},"uagb_comment_info":0,"uagb_excerpt":null,"_links":{"self":[{"href":"https:\/\/biomimicry.eu\/forets\/wp-json\/wp\/v2\/pages\/5103"}],"collection":[{"href":"https:\/\/biomimicry.eu\/forets\/wp-json\/wp\/v2\/pages"}],"about":[{"href":"https:\/\/biomimicry.eu\/forets\/wp-json\/wp\/v2\/types\/page"}],"author":[{"embeddable":true,"href":"https:\/\/biomimicry.eu\/forets\/wp-json\/wp\/v2\/users\/1"}],"replies":[{"embeddable":true,"href":"https:\/\/biomimicry.eu\/forets\/wp-json\/wp\/v2\/comments?post=5103"}],"version-history":[{"count":123,"href":"https:\/\/biomimicry.eu\/forets\/wp-json\/wp\/v2\/pages\/5103\/revisions"}],"predecessor-version":[{"id":7445,"href":"https:\/\/biomimicry.eu\/forets\/wp-json\/wp\/v2\/pages\/5103\/revisions\/7445"}],"wp:attachment":[{"href":"https:\/\/biomimicry.eu\/forets\/wp-json\/wp\/v2\/media?parent=5103"}],"curies":[{"name":"wp","href":"https:\/\/api.w.org\/{rel}","templated":true}]}}